{"id":1749,"date":"2021-05-14T10:14:44","date_gmt":"2021-05-14T08:14:44","guid":{"rendered":"https:\/\/www.mobydick-nautisme.com\/accueil\/"},"modified":"2021-07-07T16:28:27","modified_gmt":"2021-07-07T14:28:27","slug":"inicio","status":"publish","type":"page","link":"https:\/\/www.mobydick-nautisme.com\/es\/","title":{"rendered":"Accueil"},"content":{"rendered":"<section id=\"section-609e4be132cd5\"\" class=\"section home-first bg-white\" \/><div class=\"container extralarge\"><div class=\"colonnes-wrap valign-middle \"><div class=\"element colonne w-30\"><div class=\"element images\"><div class=\"image\"><img decoding=\"async\" src=\"https:\/\/www.mobydick-nautisme.com\/wp-content\/uploads\/2021\/05\/logo-moby-dick-100x52.png\" data-src=\"https:\/\/www.mobydick-nautisme.com\/wp-content\/uploads\/2021\/05\/logo-moby-dick.png\" alt=\"logo moby dick\" class=\"images_image\" \/><\/div><\/div><div class=\"element section-title left\"><span>Moby Dick<\/span><br\/> Alquiler y reparaci\u00f3n de barcos en Hendaya<\/div><\/div><div class=\"element colonne w-70\"><h1 class=\"element section-title left\">Comprar o alquilar un barco en Hendaya o en el Pa\u00eds Vasco<\/h1><div class=\"element bloc-text justify \">\n\t<p>\u00a1Ongi Etorri! En Hendaya, en el Pa\u00eds Vasco, donde las monta\u00f1as se encuentran con el oc\u00e9ano, Moby Dick y su equipo de marineros profesionales le dan la bienvenida y ponen todas sus competencias al servicio de sus deseos y sus proyectos. Encontrar\u00e1 en este sitio una presentaci\u00f3n de las actividades de Moby Dick, situada en el coraz\u00f3n del Golfo de Vizcaya, entre el suroeste de Francia y el norte de Espa\u00f1a, pero sobre todo con los pies en el agua de nuestra querida costa vasca.<\/p>\n<p>Tambi\u00e9n puede ponerse en contacto con nosotros en l\u00ednea para cualquier solicitud relativa a los diferentes astilleros que representamos: Dufour Yachts, Tofinou, Wauquiez, Fountaine Pajot, Rhea Marine, B2 Marine, Ocqueteau, Rodman, Nautica Led, Zar Formenti.<br \/>\nPara cualquier solicitud de alquiler de embarcaciones, t\u00e9cnica cualquiera que sea la marca de su barco, o para organizar su convoying no dude en ponerse en contacto con nosotros.<\/p>\n<p>No dude, si pasa por la costa vasca, en venir a vernos a nuestras oficinas de Hendaya, situadas en el n\u00famero 5 de la rue des Orangers, en Port Floride para consultar nuestro cat\u00e1logo de barcos nuevos, visite uno de nuestros barcos-de-segunda-mano del momento de nuestros barcos-de-segunda-mana y barcos-de-motor-de-segunda-mana. Tambi\u00e9n podr\u00e1 comparar nuestra flota de barcos de alquiler, incluyendo nuestro charter-motorboats y nuestro charter sailboats.<\/p>\n<p>Por ello, le invitamos a dar un paseo por estas p\u00e1ginas, que estamos seguros de que le har\u00e1n saborear la costa vasca, llena de sol y aire de mar.<\/p>\n<p>A Ikus artto: hasta pronto &#8211; El equipo de Moby Dick.<\/p>\n<\/div><\/div><\/div><\/div><\/section>\n\n<section id=\"section-60a5212856949\"\" class=\"section home-second bg-white p-b-0\" \/><div class=\"container full\"><h2 class=\"element section-title left\">Comprar barco usado Pa\u00eds Vasco<\/h2><div class=\"colonnes-wrap valign-middle \"><div class=\"element colonne \"><div class=\"element call-to-action  call-to-action--style-1 call-to-action--big\"><a href=\"https:\/\/www.mobydick-nautisme.com\/es\/comprar-barco-de-motor-nuevo-hendaye\/\"  class=\"call-to-action_link\" title=\"M\u00e1s informaci\u00f3n barcos de motor usados\"><div class=\"call-to-action_image\"><img decoding=\"async\" src=\"https:\/\/www.mobydick-nautisme.com\/wp-content\/uploads\/2021\/06\/bateau-moteur-occasion-hendaye-1-100x70.jpg\" data-src=\"https:\/\/www.mobydick-nautisme.com\/wp-content\/uploads\/2021\/06\/bateau-moteur-occasion-hendaye-1.jpg\" alt=\"bateau moteur occasion hendaye\" class=\"big\" \/><\/div><div class=\"call-to-action_contenu\"><div class=\"call-to-action_titre\">Barcos de motor usados<\/div><\/div><\/a><\/div><\/div><div class=\"element colonne \"><div class=\"element call-to-action  call-to-action--style-1 call-to-action--big\"><a href=\"https:\/\/www.mobydick-nautisme.com\/es\/comprar-velero-nuevo-hendaye\/\"  class=\"call-to-action_link\" title=\"M\u00e1s informaci\u00f3n veleros usados\"><div class=\"call-to-action_image\"><img decoding=\"async\" src=\"https:\/\/www.mobydick-nautisme.com\/wp-content\/uploads\/2021\/06\/voilier-occasion-hendaye-1-100x70.jpg\" data-src=\"https:\/\/www.mobydick-nautisme.com\/wp-content\/uploads\/2021\/06\/voilier-occasion-hendaye-1.jpg\" alt=\"voilier occasion hendaye\" class=\"big\" \/><\/div><div class=\"call-to-action_contenu\"><div class=\"call-to-action_titre\">Veleros usados<\/div><\/div><\/a><\/div><\/div><\/div><\/div><\/section>\n\n<section id=\"section-60a5212856c63\"\" class=\"section home-third bg-color3\" \/><div class=\"container extralarge\"><h2 class=\"element section-title left title-underline\">Barcos nuevos<\/h2><div class=\"colonnes-wrap valign-middle p-y-3 \"><div class=\"element colonne \"><div class=\"element images\"><div class=\"image\"><img decoding=\"async\" src=\"https:\/\/www.mobydick-nautisme.com\/wp-content\/uploads\/2021\/05\/location-voilier-pays-basque-100x86.jpg\" data-src=\"https:\/\/www.mobydick-nautisme.com\/wp-content\/uploads\/2021\/05\/location-voilier-pays-basque.jpg\" alt=\"location voiliers pays basque\" class=\"images_image\" \/><\/div><\/div><\/div><div class=\"element colonne p-5 boat-center\"><h2 class=\"element section-title left\">Descubra nuestros nuevos veleros<\/h2><div class=\"element bloc-text justify \">\n\t<p>El Scoparl Moby Dick, situado en el coraz\u00f3n del Pa\u00eds Vasco, es el concesionario de varios nuevos veleros :<\/p>\n<ul>\n<li><strong class=\"bold color1\">Dufour Yachts<\/strong> : Desde hace m\u00e1s de 60 a\u00f1os, este astillero situado en La Rochelle dise\u00f1a y construye yates innovadores y de alto rendimiento, reconocibles entre todos; con una gama que va de los 31 pies a los 61 pies, sabremos, juntos, definir el modelo adaptado a sus deseos y a sus programas de navegaci\u00f3n.<\/li>\n<li><strong class=\"bold color1\">Tofinou<\/strong> :El astillero, situado en la isla de R\u00e9, y creado en 1987, se ha desarrollado en un nicho espec\u00edfico, y propone una gama original e inesperada, de 7 a 16 metros.<\/li>\n<li><strong class=\"bold color1\">Wauquiez<\/strong> : El astillero, nacido en 1965, ofrece veleros de lujo innovadores y de alto rendimiento, de 13 a 18 metros.<\/li>\n<li><strong class=\"bold color1\">Fountaine Pajot<\/strong> : el astillero dise\u00f1a y construye catamaranes de vela y yates de motor, de los que es conocido, de 40 a 67 pies, desde 1976.<\/li>\n<\/ul>\n<\/div><a href=\"\/es\/comprar-velero-nuevo-hendaye\/\" title=\"Nuevos veleros\" class=\"element bouton center\" ><span>Nuevos veleros<\/span><\/a><div class=\"element images\"><div class=\"image\"><img decoding=\"async\" src=\"https:\/\/www.mobydick-nautisme.com\/wp-content\/uploads\/2021\/05\/location-voilier-neuf-62x100.png\" data-src=\"https:\/\/www.mobydick-nautisme.com\/wp-content\/uploads\/2021\/05\/location-voilier-neuf.png\" alt=\"location voilier neuf\" class=\"images_image voilier-center\" \/><\/div><\/div><\/div><\/div><div class=\"colonnes-wrap valign-middle bg-white \"><div class=\"element colonne p-5  boat-center\"><h2 class=\"element section-title left\">Descubra nuestros nuevos barcos a motor<\/h2><div class=\"element bloc-text justify \">\n\t<p>Tanto si es un primer comprador, como si est\u00e1 en proceso de desarrollo de su proyecto, descubriendo, pensando o tomando una decisi\u00f3n, le acogemos con toda sencillez, con el objetivo de adaptarnos a sus deseos y a su situaci\u00f3n personal, y de compartir con usted nuestra experiencia y nuestras referencias, para que su compra le proporcione placer, seguridad y confianza.<\/p>\n<p>Nuestro equipo comercial, nuestros socios financieros y nuestros conocimientos t\u00e9cnicos,<br \/>\nle permitir\u00e1 abordar con nosotros, todas las etapas de su proyecto. Consideramos su compra como el comienzo de una relaci\u00f3n duradera y de confianza, y nos proponemos acompa\u00f1arle con un enfoque profesional pero familiar.<\/p>\n<p>Para ello, le ofrecemos m\u00e1s de 80 modelos, de 7 obras diferentes y complementarias, entre los que encontrar\u00e1 el que mejor se adapte a sus expectativas, su programa y su presupuesto.<\/p>\n<p>Consulte los <strong class=\"bold color1\">diferentes sitios<\/strong> de nuevos barcos de motor que representamos :<\/p>\n<ul>\n<li>Rh\u00e9a Marine<\/li>\n<li>Ocqueteau<\/li>\n<li>B2 Marine<\/li>\n<li>Rodman<\/li>\n<li>Nautica Led<\/li>\n<li>Zar Formenti<\/li>\n<\/ul>\n<\/div><a href=\"\/es\/comprar-velero-nuevo-hendaye\/\" title=\"Nuevos barcos de motor\" class=\"element bouton center\" ><span>Nuevos barcos de motor<\/span><\/a><div class=\"element images\"><div class=\"image\"><img decoding=\"async\" src=\"https:\/\/www.mobydick-nautisme.com\/wp-content\/uploads\/2021\/05\/location-bateau-moteur-neuf-100x29.png\" data-src=\"https:\/\/www.mobydick-nautisme.com\/wp-content\/uploads\/2021\/05\/location-bateau-moteur-neuf.png\" alt=\"location bateau moteur neuf\" class=\"images_image bateau-moteur-center\" \/><\/div><\/div><\/div><div class=\"element colonne \"><div class=\"element images\"><div class=\"image\"><img decoding=\"async\" src=\"https:\/\/www.mobydick-nautisme.com\/wp-content\/uploads\/2021\/05\/location-bateau-moteur-pays-basque-100x86.jpg\" data-src=\"https:\/\/www.mobydick-nautisme.com\/wp-content\/uploads\/2021\/05\/location-bateau-moteur-pays-basque.jpg\" alt=\"location bateau moteur pays basque\" class=\"images_image\" \/><\/div><\/div><\/div><\/div><\/div><\/section>\n\n<section id=\"section-60a5212856dcd\"\" class=\"section home-fourth bg-color1 section--has-bg-img\" \/><img decoding=\"async\" src=\"https:\/\/www.mobydick-nautisme.com\/wp-content\/uploads\/2021\/05\/achat-voilier-neuf-pays-basque-100x36.jpg\" data-src=\"https:\/\/www.mobydick-nautisme.com\/wp-content\/uploads\/2021\/05\/achat-voilier-neuf-pays-basque.jpg\" alt=\"achat voilier neuf pays basque\" class=\"section_bg-img\" data-opacite=\"0.3\"\/><div class=\"container extralarge\"><h2 class=\"element section-title center\">Transportes<\/h2><div class=\"element bloc-text center \">\n\t<p>Mobydick, en el coraz\u00f3n del Golfo de Vizcaya, lleva m\u00e1s de 15 a\u00f1os organizando transportes de todo tipo de barcos, por todos los mares del mundo :<\/p>\n<ul class=\"list-center\">\n<li>gracias a un <strong class=\"bold color2\">equipo de tierra<\/strong>, disponible y con experiencia, que proporciona todo el apoyo que las tripulaciones necesitan en todo momento,<\/li>\n<li>gracias a un <strong class=\"bold color2\">equipo en el mar<\/strong>, formado por patrones cualificados, que trabajan en buenas condiciones,<\/li>\n<li>tambi\u00e9n gracias a un <strong class=\"bold color2\">seguro profesional<\/strong>, que cubre nuestra responsabilidad por cualquier da\u00f1o causado por nuestra misi\u00f3n,<\/li>\n<li>y gracias a <strong class=\"bold color2\">tasas controladas<\/strong>,<\/li>\n<li>que proporcionamos anualmente <strong class=\"bold color2\">m\u00e1s de 60 transportes internacionales<\/strong> y <strong class=\"bold color2\">nacional<\/strong>.<\/li>\n<\/ul>\n<\/div><a href=\"\/es\/trasporte-hendaye\/\" title=\"Descubra\" class=\"element bouton center\" ><span>Descubra<\/span><\/a><\/div><\/section>\n\n<section id=\"section-60a5212856fa8\"\" class=\"section home-fifth bg-white\" \/><div class=\"container extralarge\"><div class=\"colonnes-wrap valign-middle \"><div class=\"element colonne \"><div class=\"element images\"><div class=\"image\"><img decoding=\"async\" src=\"https:\/\/www.mobydick-nautisme.com\/wp-content\/uploads\/2021\/05\/convoyage-moby-dick-100x86.jpg\" data-src=\"https:\/\/www.mobydick-nautisme.com\/wp-content\/uploads\/2021\/05\/convoyage-moby-dick.jpg\" alt=\"prestations techniques moby-dick\" class=\"images_image\" \/><\/div><\/div><\/div><div class=\"element colonne text-left\"><h2 class=\"element section-title justify p-l-3\">Nuestros servicios t\u00e9cnicos<\/h2><div class=\"element bloc-text justify p-l-3\">\n\t<p>Entre los diferentes sectores que desarrollamos, nuestro departamento t\u00e9cnico, compuesto por un equipo con competencias diversas y complementarias, nos permite responder a todas sus solicitudes :<\/p>\n<ul>\n<li>simple mantenimiento anual (cuidado, antifouling, revisi\u00f3n del motor, cambio de \u00e1nodos,&#8230;),<\/li>\n<li>reparaciones de todos los oficios (electricidad, electr\u00f3nica, carpinter\u00eda, aparejos, cascos, etc.),<\/li>\n<li>mediante la instalaci\u00f3n de equipos (energ\u00eda, propulsores, p\u00f3rticos, instalaciones diversas).<\/li>\n<\/ul>\n<p>Le acompa\u00f1amos, seg\u00fan sus deseos, sus programas de navegaci\u00f3n, nuestras sugerencias, en un esp\u00edritu familiar, y con la confianza necesaria para una relaci\u00f3n duradera.<\/p>\n<div class=\"prestations\"><a class=\"blue-link\" href=\"\/es\/mantenimiento-barco-hendaya\/\">Mantenimiento<\/a><a class=\"beige-link\" href=\"\/es\/reparacion-barco-hendaye\/\">Mantenimiento y reparaci\u00f3n<\/a><a class=\"blue-link\" href=\"\/es\/instalacion-equipo-barco-hendaya\/\">Instalaci\u00f3n de equipos<\/a><\/div>\n<\/div><\/div><\/div><\/div><\/section>\n\n<section id=\"section-60a5212857234\"\" class=\"section home-seventh bg-color1\" \/><div class=\"container extralarge\"><div class=\"element bloc-text\">\n\t<div class=\"raisons\">\r\n<div class=\"mobydick-boussole\">25 a\u00f1os de experiencia<\/div>\r\n<div class=\"mobydick-gouvernail\">6 marineros en el mismo barco<\/div>\r\n<div class=\"mobydick-bateau\">15 barcos de alquiler<\/div>\r\n<div class=\"mobydick-encre\">El 98% de los marineros est\u00e1n satisfechos<\/div>\r\n<div class=\"mobydick-phare\">Ideal para descubrir la regi\u00f3n<\/div>\r\n<\/div><\/div><\/div><\/section>","protected":false},"excerpt":{"rendered":"","protected":false},"author":1,"featured_media":0,"parent":0,"menu_order":0,"comment_status":"closed","ping_status":"closed","template":"","meta":{"footnotes":""},"class_list":["post-1749","page","type-page","status-publish","hentry"],"acf":[],"yoast_head":"<!-- This site is optimized with the Yoast SEO plugin v23.4 - https:\/\/yoast.com\/wordpress\/plugins\/seo\/ -->\n<title>Venta de barcos nuevos y usados Hendaya | Alquiler de barcos en el Pa\u00eds Vasco<\/title>\n<meta name=\"robots\" content=\"index, follow, max-snippet:-1, max-image-preview:large, max-video-preview:-1\" \/>\n<link rel=\"canonical\" href=\"https:\/\/www.mobydick-nautisme.com\/es\/\" \/>\n<meta property=\"og:locale\" content=\"es_ES\" \/>\n<meta property=\"og:type\" content=\"article\" \/>\n<meta property=\"og:title\" content=\"Venta de barcos nuevos y usados Hendaya | Alquiler de barcos en el Pa\u00eds Vasco\" \/>\n<meta property=\"og:url\" content=\"https:\/\/www.mobydick-nautisme.com\/es\/\" \/>\n<meta property=\"og:site_name\" content=\"Moby Dick Nautisme\" \/>\n<meta property=\"article:modified_time\" content=\"2021-07-07T14:28:27+00:00\" \/>\n<meta name=\"twitter:card\" content=\"summary_large_image\" \/>\n<script type=\"application\/ld+json\" class=\"yoast-schema-graph\">{\"@context\":\"https:\/\/schema.org\",\"@graph\":[{\"@type\":\"WebPage\",\"@id\":\"https:\/\/www.mobydick-nautisme.com\/es\/\",\"url\":\"https:\/\/www.mobydick-nautisme.com\/es\/\",\"name\":\"Venta de barcos nuevos y usados Hendaya | Alquiler de barcos en el Pa\u00eds Vasco\",\"isPartOf\":{\"@id\":\"https:\/\/www.mobydick-nautisme.com\/es\/#website\"},\"datePublished\":\"2021-05-14T08:14:44+00:00\",\"dateModified\":\"2021-07-07T14:28:27+00:00\",\"breadcrumb\":{\"@id\":\"https:\/\/www.mobydick-nautisme.com\/es\/#breadcrumb\"},\"inLanguage\":\"es\",\"potentialAction\":[{\"@type\":\"ReadAction\",\"target\":[\"https:\/\/www.mobydick-nautisme.com\/es\/\"]}]},{\"@type\":\"BreadcrumbList\",\"@id\":\"https:\/\/www.mobydick-nautisme.com\/es\/#breadcrumb\",\"itemListElement\":[{\"@type\":\"ListItem\",\"position\":1,\"name\":\"Mobydick - Compra y alquiler de barcos\",\"item\":\"https:\/\/www.mobydick-nautisme.com\/es\/\"},{\"@type\":\"ListItem\",\"position\":2,\"name\":\"Accueil\"}]},{\"@type\":\"WebSite\",\"@id\":\"https:\/\/www.mobydick-nautisme.com\/es\/#website\",\"url\":\"https:\/\/www.mobydick-nautisme.com\/es\/\",\"name\":\"Moby Dick Nautisme\",\"description\":\"\",\"publisher\":{\"@id\":\"https:\/\/www.mobydick-nautisme.com\/es\/#organization\"},\"potentialAction\":[{\"@type\":\"SearchAction\",\"target\":{\"@type\":\"EntryPoint\",\"urlTemplate\":\"https:\/\/www.mobydick-nautisme.com\/es\/?s={search_term_string}\"},\"query-input\":{\"@type\":\"PropertyValueSpecification\",\"valueRequired\":true,\"valueName\":\"search_term_string\"}}],\"inLanguage\":\"es\"},{\"@type\":\"Organization\",\"@id\":\"https:\/\/www.mobydick-nautisme.com\/es\/#organization\",\"name\":\"Mobydick - Achat et location de bateaux\",\"url\":\"https:\/\/www.mobydick-nautisme.com\/es\/\",\"logo\":{\"@type\":\"ImageObject\",\"inLanguage\":\"es\",\"@id\":\"https:\/\/www.mobydick-nautisme.com\/es\/#\/schema\/logo\/image\/\",\"url\":\"https:\/\/www.mobydick-nautisme.com\/wp-content\/uploads\/2021\/06\/cropped-favicon.png\",\"contentUrl\":\"https:\/\/www.mobydick-nautisme.com\/wp-content\/uploads\/2021\/06\/cropped-favicon.png\",\"width\":512,\"height\":512,\"caption\":\"Mobydick - Achat et location de bateaux\"},\"image\":{\"@id\":\"https:\/\/www.mobydick-nautisme.com\/es\/#\/schema\/logo\/image\/\"}}]}<\/script>\n<!-- \/ Yoast SEO plugin. -->","yoast_head_json":{"title":"Venta de barcos nuevos y usados Hendaya | Alquiler de barcos en el Pa\u00eds Vasco","robots":{"index":"index","follow":"follow","max-snippet":"max-snippet:-1","max-image-preview":"max-image-preview:large","max-video-preview":"max-video-preview:-1"},"canonical":"https:\/\/www.mobydick-nautisme.com\/es\/","og_locale":"es_ES","og_type":"article","og_title":"Venta de barcos nuevos y usados Hendaya | Alquiler de barcos en el Pa\u00eds Vasco","og_url":"https:\/\/www.mobydick-nautisme.com\/es\/","og_site_name":"Moby Dick Nautisme","article_modified_time":"2021-07-07T14:28:27+00:00","twitter_card":"summary_large_image","schema":{"@context":"https:\/\/schema.org","@graph":[{"@type":"WebPage","@id":"https:\/\/www.mobydick-nautisme.com\/es\/","url":"https:\/\/www.mobydick-nautisme.com\/es\/","name":"Venta de barcos nuevos y usados Hendaya | Alquiler de barcos en el Pa\u00eds Vasco","isPartOf":{"@id":"https:\/\/www.mobydick-nautisme.com\/es\/#website"},"datePublished":"2021-05-14T08:14:44+00:00","dateModified":"2021-07-07T14:28:27+00:00","breadcrumb":{"@id":"https:\/\/www.mobydick-nautisme.com\/es\/#breadcrumb"},"inLanguage":"es","potentialAction":[{"@type":"ReadAction","target":["https:\/\/www.mobydick-nautisme.com\/es\/"]}]},{"@type":"BreadcrumbList","@id":"https:\/\/www.mobydick-nautisme.com\/es\/#breadcrumb","itemListElement":[{"@type":"ListItem","position":1,"name":"Mobydick - Compra y alquiler de barcos","item":"https:\/\/www.mobydick-nautisme.com\/es\/"},{"@type":"ListItem","position":2,"name":"Accueil"}]},{"@type":"WebSite","@id":"https:\/\/www.mobydick-nautisme.com\/es\/#website","url":"https:\/\/www.mobydick-nautisme.com\/es\/","name":"Moby Dick Nautisme","description":"","publisher":{"@id":"https:\/\/www.mobydick-nautisme.com\/es\/#organization"},"potentialAction":[{"@type":"SearchAction","target":{"@type":"EntryPoint","urlTemplate":"https:\/\/www.mobydick-nautisme.com\/es\/?s={search_term_string}"},"query-input":{"@type":"PropertyValueSpecification","valueRequired":true,"valueName":"search_term_string"}}],"inLanguage":"es"},{"@type":"Organization","@id":"https:\/\/www.mobydick-nautisme.com\/es\/#organization","name":"Mobydick - Achat et location de bateaux","url":"https:\/\/www.mobydick-nautisme.com\/es\/","logo":{"@type":"ImageObject","inLanguage":"es","@id":"https:\/\/www.mobydick-nautisme.com\/es\/#\/schema\/logo\/image\/","url":"https:\/\/www.mobydick-nautisme.com\/wp-content\/uploads\/2021\/06\/cropped-favicon.png","contentUrl":"https:\/\/www.mobydick-nautisme.com\/wp-content\/uploads\/2021\/06\/cropped-favicon.png","width":512,"height":512,"caption":"Mobydick - Achat et location de bateaux"},"image":{"@id":"https:\/\/www.mobydick-nautisme.com\/es\/#\/schema\/logo\/image\/"}}]}},"_links":{"self":[{"href":"https:\/\/www.mobydick-nautisme.com\/es\/wp-json\/wp\/v2\/pages\/1749","targetHints":{"allow":["GET"]}}],"collection":[{"href":"https:\/\/www.mobydick-nautisme.com\/es\/wp-json\/wp\/v2\/pages"}],"about":[{"href":"https:\/\/www.mobydick-nautisme.com\/es\/wp-json\/wp\/v2\/types\/page"}],"author":[{"embeddable":true,"href":"https:\/\/www.mobydick-nautisme.com\/es\/wp-json\/wp\/v2\/users\/1"}],"replies":[{"embeddable":true,"href":"https:\/\/www.mobydick-nautisme.com\/es\/wp-json\/wp\/v2\/comments?post=1749"}],"version-history":[{"count":10,"href":"https:\/\/www.mobydick-nautisme.com\/es\/wp-json\/wp\/v2\/pages\/1749\/revisions"}],"predecessor-version":[{"id":2353,"href":"https:\/\/www.mobydick-nautisme.com\/es\/wp-json\/wp\/v2\/pages\/1749\/revisions\/2353"}],"wp:attachment":[{"href":"https:\/\/www.mobydick-nautisme.com\/es\/wp-json\/wp\/v2\/media?parent=1749"}],"curies":[{"name":"wp","href":"https:\/\/api.w.org\/{rel}","templated":true}]}}