{"id":1794,"date":"2021-05-14T11:14:21","date_gmt":"2021-05-14T09:14:21","guid":{"rendered":"https:\/\/www.mobydick-nautisme.com\/achat-bateau-moteur-neuf-hendaye\/"},"modified":"2026-01-26T15:23:36","modified_gmt":"2026-01-26T14:23:36","slug":"comprar-barco-de-motor-nuevo-hendaye","status":"publish","type":"page","link":"https:\/\/www.mobydick-nautisme.com\/es\/comprar-barco-de-motor-nuevo-hendaye\/","title":{"rendered":"Bateaux neufs : Moteurs"},"content":{"rendered":"<section id=\"section-60be22eb63973\"\" class=\"section bg-white\" \/><div class=\"container extralarge\"><div class=\"colonnes-wrap valign-middle \"><div class=\"element colonne \"><h1 class=\"element section-title justify color1\">Comprar un barco de motor nuevo en Hendaya<\/h1><h2 class=\"element section-title justify color1 m-t-4\">Nuestra gama de barcos de motor nuevos<\/h2><div class=\"element bloc-text justify \">\n\t<p>Tambi\u00e9n representamos a varios fabricantes de embarcaciones a motor, cuya complementariedad nos permitir\u00e1 ofrecerle el modelo que mejor se adapte a sus deseos, su programa y su presupuesto :<\/p>\n<ul>\n<li><a href=\"https:\/\/www.rhea-marine.fr\/fr\/chantier-rhea-marine\" target=\"_blank\" rel=\"noopener\">Rh\u00e9a Marine<\/a> : El astillero, situado en La Rochelle, nacido de encuentros y amistades en 1996, ofrece embarcaciones s\u00f3lidas, r\u00fasticas, tranquilizadoras y seguras, construidas con gran cuidado y rigor; con sus 3 gamas, Open, Timonier y Trawler, hay 15 modelos que nos permiten ofrecerle el que mejor se adapte a sus deseos y a su programa de navegaci\u00f3n.<\/li>\n<li><a href=\"https:\/\/www.ocqueteau.com\/\" target=\"_blank\" rel=\"noopener\">Ocqueteau<\/a> : El astillero, nacido en 1948 en la isla de Ol\u00e9ron, introdujo en el a\u00f1o 2000, la t\u00e9cnica de infusi\u00f3n en monopunto con s\u00e1ndwich de vidrio\/balsa; este proceso en IFH se encuentra hoy en la gama Ostr\u00e9a, de 6 a 8 metros, en Timoniers y TTop.<\/li>\n<li><a href=\"http:\/\/www.b2marine.fr\/es\/\" target=\"_blank\" rel=\"noopener\">B2 Marine<\/a> : Con sede en la regi\u00f3n de Burdeos desde 1986, el astillero ha desarrollado 21 modelos de embarcaciones a motor (Open, Cruiser, Sundeck y Timoniers) y a vela, lo que lo convierte en uno de los l\u00edderes europeos en embarcaciones transportables.<\/li>\n<\/ul>\n<\/div><\/div><div class=\"element colonne degrade-blanc-gauche\"><div class=\"element images\"><div class=\"image\"><img decoding=\"async\" src=\"https:\/\/www.mobydick-nautisme.com\/wp-content\/uploads\/2021\/06\/bateau-moteur-neuf-achat-hendaye-100x86.jpg\" data-src=\"https:\/\/www.mobydick-nautisme.com\/wp-content\/uploads\/2021\/06\/bateau-moteur-neuf-achat-hendaye.jpg\" alt=\"bateau moteur neuf achat hendaye\" class=\"images_image\" \/><\/div><\/div><\/div><\/div><\/div><\/section>\n\n<section id=\"section-60be22eb63bac\"\" class=\"section bg-white\" \/><div class=\"container extralarge\"><div class=\"colonnes-wrap valign-middle \"><div class=\"element colonne degrade-blanc-droite\"><div class=\"element images\"><div class=\"image\"><img decoding=\"async\" src=\"https:\/\/www.mobydick-nautisme.com\/wp-content\/uploads\/2021\/06\/bateau-moteur-neuf-pays-basque-100x86.jpg\" data-src=\"https:\/\/www.mobydick-nautisme.com\/wp-content\/uploads\/2021\/06\/bateau-moteur-neuf-pays-basque.jpg\" alt=\"bateau moteur neuf pays basque\" class=\"images_image\" \/><\/div><\/div><\/div><div class=\"element colonne \"><h1 class=\"element section-title justify\">Nuestros nuevos barcos de motor en el Pa\u00eds Vasco<\/h1><div class=\"element bloc-text justify \">\n\t<ul>\n<li><a href=\"https:\/\/rodman.es\/\" target=\"_blank\" rel=\"noopener\">Rodman<\/a> : Fundado en 1974 en Espa\u00f1a, el astillero ha construido y entregado, durante 46 a\u00f1os, m\u00e1s de 15.000 embarcaciones en todo el mundo; el astillero ofrece una garant\u00eda de 10 a\u00f1os en todos los modelos de sus 3 gamas, S\u00e9rie, Muse y Spirit.<\/li>\n<li><a href=\"https:\/\/www.nauticaled.it\/\" target=\"_blank\" rel=\"noopener\">Nautica Led<\/a> : este astillero italiano, nacido en 1968, ofrece una gama de embarcaciones semirr\u00edgidas en hipalon, desde 4,40m hasta 13,30m, c\u00f3modas, bien equipadas, vers\u00e1tiles y muy marineras.<\/li>\n<li><a href=\"https:\/\/www.zar-formenti.net\/es\/\" target=\"_blank\" rel=\"noopener\">Zar Formenti<\/a> : El astillero, fundado en 1979 en Italia, privilegia la calidad sobre la cantidad, en una gama que llega hasta el ZAR 97 Skydeck, de 9,70 m.<\/li>\n<\/ul>\n<\/div><\/div><\/div><\/div><\/section>\n\n<section id=\"section-60be22eb64157\"\" class=\"section bg-white\" \/><div class=\"container extralarge\"><div class=\"element section-title center title-underline\">Veleros nuevos y convoyes de barcos<\/div><div class=\"colonnes-wrap valign-top \"><div class=\"element colonne \"><div class=\"element call-to-action  call-to-action--style-1 call-to-action--big\"><a href=\"https:\/\/www.mobydick-nautisme.com\/es\/trasporte-hendaye\/\"  class=\"call-to-action_link\" title=\"M\u00e1s informaci\u00f3n convoyes\"><div class=\"call-to-action_image\"><img decoding=\"async\" src=\"https:\/\/www.mobydick-nautisme.com\/wp-content\/uploads\/2021\/06\/convoyage-bateax-hendaye-100x56.jpg\" data-src=\"https:\/\/www.mobydick-nautisme.com\/wp-content\/uploads\/2021\/06\/convoyage-bateax-hendaye.jpg\" alt=\"convoyage bateaux hendaye\" class=\"big\" \/><\/div><div class=\"call-to-action_contenu\"><div class=\"call-to-action_titre\">Convoyes<\/div><\/div><\/a><\/div><\/div><div class=\"element colonne \"><div class=\"element call-to-action  call-to-action--style-1 call-to-action--big\"><a href=\"https:\/\/www.mobydick-nautisme.com\/es\/comprar-barco-nuevo-hendaye\/\"  class=\"call-to-action_link\" title=\"M\u00e1s informaci\u00f3n barcos nuevos\"><div class=\"call-to-action_image\"><img decoding=\"async\" src=\"https:\/\/www.mobydick-nautisme.com\/wp-content\/uploads\/2021\/06\/bateaux-neufs-pays-basque-2-100x74.jpg\" data-src=\"https:\/\/www.mobydick-nautisme.com\/wp-content\/uploads\/2021\/06\/bateaux-neufs-pays-basque-2.jpg\" alt=\"bateaux neufs pays basque\" class=\"big\" \/><\/div><div class=\"call-to-action_contenu\"><div class=\"call-to-action_titre\">Barcos nuevos<\/div><\/div><\/a><\/div><\/div><div class=\"element colonne \"><div class=\"element call-to-action  call-to-action--style-1 call-to-action--big\"><a href=\"https:\/\/www.mobydick-nautisme.com\/es\/comprar-velero-nuevo-hendaye\/\"  class=\"call-to-action_link\" title=\"M\u00e1s informaci\u00f3n veleros nuevos\"><div class=\"call-to-action_image\"><img decoding=\"async\" src=\"https:\/\/www.mobydick-nautisme.com\/wp-content\/uploads\/2021\/06\/voilier-neuf-pays-basque-100x74.jpg\" data-src=\"https:\/\/www.mobydick-nautisme.com\/wp-content\/uploads\/2021\/06\/voilier-neuf-pays-basque.jpg\" alt=\"voilier neuf pays basque\" class=\"big\" \/><\/div><div class=\"call-to-action_contenu\"><div class=\"call-to-action_titre\">Veleros nuevos<\/div><\/div><\/a><\/div><\/div><\/div><\/div><\/section>","protected":false},"excerpt":{"rendered":"","protected":false},"author":1,"featured_media":1796,"parent":0,"menu_order":0,"comment_status":"closed","ping_status":"closed","template":"","meta":{"footnotes":""},"class_list":["post-1794","page","type-page","status-publish","has-post-thumbnail","hentry"],"acf":[],"yoast_head":"<!-- This site is optimized with the Yoast SEO plugin v23.4 - https:\/\/yoast.com\/wordpress\/plugins\/seo\/ -->\n<title>Comprar barco de motor nuevo Hendaya | Comprar barco de motor nuevo Pa\u00eds Vasco<\/title>\n<meta name=\"robots\" content=\"index, follow, max-snippet:-1, max-image-preview:large, max-video-preview:-1\" \/>\n<link rel=\"canonical\" href=\"https:\/\/www.mobydick-nautisme.com\/es\/comprar-barco-de-motor-nuevo-hendaye\/\" \/>\n<meta property=\"og:locale\" content=\"es_ES\" \/>\n<meta property=\"og:type\" content=\"article\" \/>\n<meta property=\"og:title\" content=\"Comprar barco de motor nuevo Hendaya | Comprar barco de motor nuevo Pa\u00eds Vasco\" \/>\n<meta property=\"og:url\" content=\"https:\/\/www.mobydick-nautisme.com\/es\/comprar-barco-de-motor-nuevo-hendaye\/\" \/>\n<meta property=\"og:site_name\" content=\"Moby Dick Nautisme\" \/>\n<meta property=\"article:modified_time\" content=\"2026-01-26T14:23:36+00:00\" \/>\n<meta property=\"og:image\" content=\"https:\/\/www.mobydick-nautisme.com\/wp-content\/uploads\/2021\/06\/bateau-moteur-neuf-hedaye-1.jpg\" \/>\n\t<meta property=\"og:image:width\" content=\"1899\" \/>\n\t<meta property=\"og:image:height\" content=\"450\" \/>\n\t<meta property=\"og:image:type\" content=\"image\/jpeg\" \/>\n<meta name=\"twitter:card\" content=\"summary_large_image\" \/>\n<meta name=\"twitter:label1\" content=\"Tiempo de lectura\" \/>\n\t<meta name=\"twitter:data1\" content=\"1 minuto\" \/>\n<script type=\"application\/ld+json\" class=\"yoast-schema-graph\">{\"@context\":\"https:\/\/schema.org\",\"@graph\":[{\"@type\":\"WebPage\",\"@id\":\"https:\/\/www.mobydick-nautisme.com\/es\/comprar-barco-de-motor-nuevo-hendaye\/\",\"url\":\"https:\/\/www.mobydick-nautisme.com\/es\/comprar-barco-de-motor-nuevo-hendaye\/\",\"name\":\"Comprar barco de motor nuevo Hendaya | Comprar barco de motor nuevo Pa\u00eds Vasco\",\"isPartOf\":{\"@id\":\"https:\/\/www.mobydick-nautisme.com\/es\/#website\"},\"primaryImageOfPage\":{\"@id\":\"https:\/\/www.mobydick-nautisme.com\/es\/comprar-barco-de-motor-nuevo-hendaye\/#primaryimage\"},\"image\":{\"@id\":\"https:\/\/www.mobydick-nautisme.com\/es\/comprar-barco-de-motor-nuevo-hendaye\/#primaryimage\"},\"thumbnailUrl\":\"https:\/\/www.mobydick-nautisme.com\/wp-content\/uploads\/2021\/06\/bateau-moteur-neuf-hedaye-1.jpg\",\"datePublished\":\"2021-05-14T09:14:21+00:00\",\"dateModified\":\"2026-01-26T14:23:36+00:00\",\"breadcrumb\":{\"@id\":\"https:\/\/www.mobydick-nautisme.com\/es\/comprar-barco-de-motor-nuevo-hendaye\/#breadcrumb\"},\"inLanguage\":\"es\",\"potentialAction\":[{\"@type\":\"ReadAction\",\"target\":[\"https:\/\/www.mobydick-nautisme.com\/es\/comprar-barco-de-motor-nuevo-hendaye\/\"]}]},{\"@type\":\"ImageObject\",\"inLanguage\":\"es\",\"@id\":\"https:\/\/www.mobydick-nautisme.com\/es\/comprar-barco-de-motor-nuevo-hendaye\/#primaryimage\",\"url\":\"https:\/\/www.mobydick-nautisme.com\/wp-content\/uploads\/2021\/06\/bateau-moteur-neuf-hedaye-1.jpg\",\"contentUrl\":\"https:\/\/www.mobydick-nautisme.com\/wp-content\/uploads\/2021\/06\/bateau-moteur-neuf-hedaye-1.jpg\",\"width\":1899,\"height\":450},{\"@type\":\"BreadcrumbList\",\"@id\":\"https:\/\/www.mobydick-nautisme.com\/es\/comprar-barco-de-motor-nuevo-hendaye\/#breadcrumb\",\"itemListElement\":[{\"@type\":\"ListItem\",\"position\":1,\"name\":\"Mobydick - Compra y alquiler de barcos\",\"item\":\"https:\/\/www.mobydick-nautisme.com\/es\/\"},{\"@type\":\"ListItem\",\"position\":2,\"name\":\"Comprar barco de motor nuevo en el Pa\u00eds Vasco\"}]},{\"@type\":\"WebSite\",\"@id\":\"https:\/\/www.mobydick-nautisme.com\/es\/#website\",\"url\":\"https:\/\/www.mobydick-nautisme.com\/es\/\",\"name\":\"Moby Dick Nautisme\",\"description\":\"\",\"publisher\":{\"@id\":\"https:\/\/www.mobydick-nautisme.com\/es\/#organization\"},\"potentialAction\":[{\"@type\":\"SearchAction\",\"target\":{\"@type\":\"EntryPoint\",\"urlTemplate\":\"https:\/\/www.mobydick-nautisme.com\/es\/?s={search_term_string}\"},\"query-input\":{\"@type\":\"PropertyValueSpecification\",\"valueRequired\":true,\"valueName\":\"search_term_string\"}}],\"inLanguage\":\"es\"},{\"@type\":\"Organization\",\"@id\":\"https:\/\/www.mobydick-nautisme.com\/es\/#organization\",\"name\":\"Mobydick - Achat et location de bateaux\",\"url\":\"https:\/\/www.mobydick-nautisme.com\/es\/\",\"logo\":{\"@type\":\"ImageObject\",\"inLanguage\":\"es\",\"@id\":\"https:\/\/www.mobydick-nautisme.com\/es\/#\/schema\/logo\/image\/\",\"url\":\"https:\/\/www.mobydick-nautisme.com\/wp-content\/uploads\/2021\/06\/cropped-favicon.png\",\"contentUrl\":\"https:\/\/www.mobydick-nautisme.com\/wp-content\/uploads\/2021\/06\/cropped-favicon.png\",\"width\":512,\"height\":512,\"caption\":\"Mobydick - Achat et location de bateaux\"},\"image\":{\"@id\":\"https:\/\/www.mobydick-nautisme.com\/es\/#\/schema\/logo\/image\/\"}}]}<\/script>\n<!-- \/ Yoast SEO plugin. -->","yoast_head_json":{"title":"Comprar barco de motor nuevo Hendaya | Comprar barco de motor nuevo Pa\u00eds Vasco","robots":{"index":"index","follow":"follow","max-snippet":"max-snippet:-1","max-image-preview":"max-image-preview:large","max-video-preview":"max-video-preview:-1"},"canonical":"https:\/\/www.mobydick-nautisme.com\/es\/comprar-barco-de-motor-nuevo-hendaye\/","og_locale":"es_ES","og_type":"article","og_title":"Comprar barco de motor nuevo Hendaya | Comprar barco de motor nuevo Pa\u00eds Vasco","og_url":"https:\/\/www.mobydick-nautisme.com\/es\/comprar-barco-de-motor-nuevo-hendaye\/","og_site_name":"Moby Dick Nautisme","article_modified_time":"2026-01-26T14:23:36+00:00","og_image":[{"width":1899,"height":450,"url":"https:\/\/www.mobydick-nautisme.com\/wp-content\/uploads\/2021\/06\/bateau-moteur-neuf-hedaye-1.jpg","type":"image\/jpeg"}],"twitter_card":"summary_large_image","twitter_misc":{"Tiempo de lectura":"1 minuto"},"schema":{"@context":"https:\/\/schema.org","@graph":[{"@type":"WebPage","@id":"https:\/\/www.mobydick-nautisme.com\/es\/comprar-barco-de-motor-nuevo-hendaye\/","url":"https:\/\/www.mobydick-nautisme.com\/es\/comprar-barco-de-motor-nuevo-hendaye\/","name":"Comprar barco de motor nuevo Hendaya | Comprar barco de motor nuevo Pa\u00eds Vasco","isPartOf":{"@id":"https:\/\/www.mobydick-nautisme.com\/es\/#website"},"primaryImageOfPage":{"@id":"https:\/\/www.mobydick-nautisme.com\/es\/comprar-barco-de-motor-nuevo-hendaye\/#primaryimage"},"image":{"@id":"https:\/\/www.mobydick-nautisme.com\/es\/comprar-barco-de-motor-nuevo-hendaye\/#primaryimage"},"thumbnailUrl":"https:\/\/www.mobydick-nautisme.com\/wp-content\/uploads\/2021\/06\/bateau-moteur-neuf-hedaye-1.jpg","datePublished":"2021-05-14T09:14:21+00:00","dateModified":"2026-01-26T14:23:36+00:00","breadcrumb":{"@id":"https:\/\/www.mobydick-nautisme.com\/es\/comprar-barco-de-motor-nuevo-hendaye\/#breadcrumb"},"inLanguage":"es","potentialAction":[{"@type":"ReadAction","target":["https:\/\/www.mobydick-nautisme.com\/es\/comprar-barco-de-motor-nuevo-hendaye\/"]}]},{"@type":"ImageObject","inLanguage":"es","@id":"https:\/\/www.mobydick-nautisme.com\/es\/comprar-barco-de-motor-nuevo-hendaye\/#primaryimage","url":"https:\/\/www.mobydick-nautisme.com\/wp-content\/uploads\/2021\/06\/bateau-moteur-neuf-hedaye-1.jpg","contentUrl":"https:\/\/www.mobydick-nautisme.com\/wp-content\/uploads\/2021\/06\/bateau-moteur-neuf-hedaye-1.jpg","width":1899,"height":450},{"@type":"BreadcrumbList","@id":"https:\/\/www.mobydick-nautisme.com\/es\/comprar-barco-de-motor-nuevo-hendaye\/#breadcrumb","itemListElement":[{"@type":"ListItem","position":1,"name":"Mobydick - Compra y alquiler de barcos","item":"https:\/\/www.mobydick-nautisme.com\/es\/"},{"@type":"ListItem","position":2,"name":"Comprar barco de motor nuevo en el Pa\u00eds Vasco"}]},{"@type":"WebSite","@id":"https:\/\/www.mobydick-nautisme.com\/es\/#website","url":"https:\/\/www.mobydick-nautisme.com\/es\/","name":"Moby Dick Nautisme","description":"","publisher":{"@id":"https:\/\/www.mobydick-nautisme.com\/es\/#organization"},"potentialAction":[{"@type":"SearchAction","target":{"@type":"EntryPoint","urlTemplate":"https:\/\/www.mobydick-nautisme.com\/es\/?s={search_term_string}"},"query-input":{"@type":"PropertyValueSpecification","valueRequired":true,"valueName":"search_term_string"}}],"inLanguage":"es"},{"@type":"Organization","@id":"https:\/\/www.mobydick-nautisme.com\/es\/#organization","name":"Mobydick - Achat et location de bateaux","url":"https:\/\/www.mobydick-nautisme.com\/es\/","logo":{"@type":"ImageObject","inLanguage":"es","@id":"https:\/\/www.mobydick-nautisme.com\/es\/#\/schema\/logo\/image\/","url":"https:\/\/www.mobydick-nautisme.com\/wp-content\/uploads\/2021\/06\/cropped-favicon.png","contentUrl":"https:\/\/www.mobydick-nautisme.com\/wp-content\/uploads\/2021\/06\/cropped-favicon.png","width":512,"height":512,"caption":"Mobydick - Achat et location de bateaux"},"image":{"@id":"https:\/\/www.mobydick-nautisme.com\/es\/#\/schema\/logo\/image\/"}}]}},"_links":{"self":[{"href":"https:\/\/www.mobydick-nautisme.com\/es\/wp-json\/wp\/v2\/pages\/1794","targetHints":{"allow":["GET"]}}],"collection":[{"href":"https:\/\/www.mobydick-nautisme.com\/es\/wp-json\/wp\/v2\/pages"}],"about":[{"href":"https:\/\/www.mobydick-nautisme.com\/es\/wp-json\/wp\/v2\/types\/page"}],"author":[{"embeddable":true,"href":"https:\/\/www.mobydick-nautisme.com\/es\/wp-json\/wp\/v2\/users\/1"}],"replies":[{"embeddable":true,"href":"https:\/\/www.mobydick-nautisme.com\/es\/wp-json\/wp\/v2\/comments?post=1794"}],"version-history":[{"count":12,"href":"https:\/\/www.mobydick-nautisme.com\/es\/wp-json\/wp\/v2\/pages\/1794\/revisions"}],"predecessor-version":[{"id":13568,"href":"https:\/\/www.mobydick-nautisme.com\/es\/wp-json\/wp\/v2\/pages\/1794\/revisions\/13568"}],"wp:featuredmedia":[{"embeddable":true,"href":"https:\/\/www.mobydick-nautisme.com\/es\/wp-json\/wp\/v2\/media\/1796"}],"wp:attachment":[{"href":"https:\/\/www.mobydick-nautisme.com\/es\/wp-json\/wp\/v2\/media?parent=1794"}],"curies":[{"name":"wp","href":"https:\/\/api.w.org\/{rel}","templated":true}]}}