{"id":1838,"date":"2021-05-14T11:15:09","date_gmt":"2021-05-14T09:15:09","guid":{"rendered":"https:\/\/www.mobydick-nautisme.com\/convoyage-hendaye\/"},"modified":"2021-06-29T10:53:12","modified_gmt":"2021-06-29T08:53:12","slug":"trasporte-hendaye","status":"publish","type":"page","link":"https:\/\/www.mobydick-nautisme.com\/es\/trasporte-hendaye\/","title":{"rendered":"Convoyages"},"content":{"rendered":"<section id=\"section-60be22eb63973\"\" class=\"section bg-white\" \/><div class=\"container extralarge\"><div class=\"colonnes-wrap valign-middle \"><div class=\"element colonne \"><h1 class=\"element section-title justify color1\">Convoy en barco desde Hendaya<\/h1><div class=\"element bloc-text justify \">\n\t<p>Moby Dick convoca su barco en todos los mares del mundo&#8230; Nuestra mayor preocupaci\u00f3n: producir un <strong class=\"bold color1\">servicio de entrega de calidad<\/strong> dando prioridad a la conservaci\u00f3n del material, al respeto del calendario y a la necesidad de informaci\u00f3n del cliente. <\/p>\n<\/div><h2 class=\"element section-title justify color1 m-t-4\">Los medios utilizados para el convoy de barcos<\/h2><div class=\"element bloc-text justify \">\n\t<ul>\n<li>Un <strong class=\"bold color1\">equipo de tierra<\/strong> proporcionar la orientaci\u00f3n y el apoyo necesarios a la gente de mar.<\/li>\n<li>Un <strong class=\"bold color1\">equipo de marineros profesionales<\/strong>, patrones cualificados, que trabajan en buenas condiciones y que son conscientes de que la calidad de su servicio depende del desarrollo de la actividad.<\/li>\n<li><strong class=\"bold color1\">Tasas controladas<\/strong>, d\u00e1ndonos los medios para alcanzar nuestras ambiciones.<\/li>\n<li>Un <strong class=\"bold color1\">seguro profesional<\/strong> cubrir nuestra responsabilidad y los da\u00f1os que se produzcan en el curso de nuestro trabajo.<\/li>\n<\/ul>\n<\/div><\/div><div class=\"element colonne degrade-blanc-gauche\"><div class=\"element images\"><div class=\"image\"><img decoding=\"async\" src=\"https:\/\/www.mobydick-nautisme.com\/wp-content\/uploads\/2021\/06\/pays-basque-bateau-covoyage-1-100x86.jpg\" data-src=\"https:\/\/www.mobydick-nautisme.com\/wp-content\/uploads\/2021\/06\/pays-basque-bateau-covoyage-1.jpg\" alt=\"pays basque bateau convoyage\" class=\"images_image\" \/><\/div><\/div><\/div><\/div><\/div><\/section>\n\n<section id=\"section-60be22eb63bac\"\" class=\"section bg-white\" \/><div class=\"container extralarge\"><div class=\"colonnes-wrap valign-middle \"><div class=\"element colonne degrade-blanc-droite\"><div class=\"element images\"><div class=\"image\"><img decoding=\"async\" src=\"https:\/\/www.mobydick-nautisme.com\/wp-content\/uploads\/2021\/06\/bateaux-covoyage-hendaye-100x86.jpg\" data-src=\"https:\/\/www.mobydick-nautisme.com\/wp-content\/uploads\/2021\/06\/bateaux-covoyage-hendaye.jpg\" alt=\"bateaux convoyage hendaye\" class=\"images_image\" \/><\/div><\/div><\/div><div class=\"element colonne \"><h2 class=\"element section-title justify color1\">El equipo en tierra<\/h2><div class=\"element bloc-text justify \">\n\t<p>Como <strong class=\"bold color1\">responsables del curso de capit\u00e1n de vela 200<\/strong> En el Lyc\u00e9e Maritime de Ciboure, podemos juzgar la experiencia y el dominio real de los patrones reci\u00e9n graduados que integramos en nuestro equipo, para compensar el hecho de que el diploma no es, por desgracia, una garant\u00eda suficiente de competencia. Adem\u00e1s, nuestra participaci\u00f3n en la formaci\u00f3n del CIN nos permite seleccionar a miembros de la tripulaci\u00f3n de confianza. <\/p>\n<p>Proporcionamos a nuestros patrones un <strong class=\"bold color1\">apoyo log\u00edstico<\/strong> : contactos con el cliente, el enrutamiento del tiempo, el apoyo para la resoluci\u00f3n de problemas&#8230; lo que les permite navegar con m\u00e1s tranquilidad y ser m\u00e1s eficientes. <\/p>\n<\/div><\/div><\/div><\/div><\/section>\n\n<section id=\"section-60be22eb63d6c\"\" class=\"section bg-color3\" \/><div class=\"container extralarge\"><div class=\"colonnes-wrap valign-middle \"><div class=\"element colonne \"><h2 class=\"element section-title justify color1\">Hombres en el mar<\/h2><div class=\"element bloc-text justify \">\n\t<p><a href=\"https:\/\/www.mobydick-nautisme.com\/es\/\">Moby Dick en el Pa\u00eds Vasco<\/a> Durante casi 15 a\u00f1os, el equipo ha estado compuesto por <strong class=\"bold color1\">patrones confirmados<\/strong>, que trabajan todo el a\u00f1o en diferentes cuencas mar\u00edtimas y, por tanto, tienen una gran experiencia <a href=\"\/\">t\u00e9cnica<\/a> variada y completa. Este \u00abgrupo central\u00bb se refuerza cada a\u00f1o con <strong class=\"bold color1\">patrones reci\u00e9n graduados<\/strong>, del curso de Capit\u00e1n 200 de Vela del Liceo Mar\u00edtimo de Ciboure, elegidos por su capacidad de perpetuar el esp\u00edritu de la empresa.<\/p>\n<p>Convoy de la embarcaci\u00f3n por un patr\u00f3n profesional.<\/p>\n<\/div><\/div><div class=\"element colonne degrade-beige-gauche\"><div class=\"element images\"><div class=\"image\"><img decoding=\"async\" src=\"https:\/\/www.mobydick-nautisme.com\/wp-content\/uploads\/2021\/06\/convoyage-bateau-hendaye-100x86.jpg\" data-src=\"https:\/\/www.mobydick-nautisme.com\/wp-content\/uploads\/2021\/06\/convoyage-bateau-hendaye.jpg\" alt=\"convoyage bateau hendaye\" class=\"images_image\" \/><\/div><\/div><\/div><\/div><\/div><\/section>\n\n<section id=\"section-groupe78\"\" class=\"section bg-color3\" \/><div class=\"container extralarge\"><div class=\"colonnes-wrap valign-middle \"><div class=\"element colonne degrade-beige-droite\"><div class=\"element images\"><div class=\"image\"><img decoding=\"async\" src=\"https:\/\/www.mobydick-nautisme.com\/wp-content\/uploads\/2021\/06\/convoyage-bateaux-pyrenees-atlantique-100x86.jpg\" data-src=\"https:\/\/www.mobydick-nautisme.com\/wp-content\/uploads\/2021\/06\/convoyage-bateaux-pyrenees-atlantique.jpg\" alt=\"convoyage bateaux pyrenees atlantique\" class=\"images_image\" \/><\/div><\/div><\/div><div class=\"element colonne \"><h2 class=\"element section-title justify color1 \">Referencias<\/h2><div class=\"element bloc-text justify \">\n\t<p>Desde hace 10 a\u00f1os, transportamos casi todos los barcos vendidos por Beneteau y Dufour a Turqu\u00eda, desde Gruissan o la Vend\u00e9e. <strong class=\"bold color1\">experiencia<\/strong> y nuestros <strong class=\"bold color1\">conocimientos t\u00e9cnicos<\/strong> al servicio de los importadores y propietarios de la cuenca mediterr\u00e1nea y tambi\u00e9n de otros destinos. <\/p>\n<p>Moby Dick tiene como norma ofrecer servicios adaptados a las necesidades de sus clientes y hacemos todo lo posible para que los profesionales que navegan sean los garantes de la reputaci\u00f3n de la empresa. <\/p>\n<\/div><\/div><\/div><\/div><\/section>\n\n<section id=\"section-60be22eb63f33\"\" class=\"section bg-white\" \/><div class=\"container extralarge\"><div class=\"colonnes-wrap valign-middle \"><div class=\"element colonne \"><h2 class=\"element section-title justify color1\">Transportes de Moby Dick<\/h2><div class=\"element bloc-text justify \">\n\t<p>A partir de febrero, \u00a1comienza la temporada de convoyes! <\/p>\n<p>Moby Dick convoca a los barcos en todos los mares del mundo. Para ello, tenemos un <strong class=\"bold color1\">equipo de tierra<\/strong> que proporciona la supervisi\u00f3n y el apoyo necesarios a los regatistas (contactos con el cliente, itinerario meteorol\u00f3gico, apoyo en la resoluci\u00f3n de cualquier problema&#8230;) y un <strong class=\"bold color1\">equipo de patrones profesionales<\/strong>, experimentados y cualificados, que trabajan todo el a\u00f1o en diferentes cuencas mar\u00edtimas.   <\/p>\n<p>Entregamos principalmente barcos del grupo B\u00e9n\u00e9teau (Oc\u00e9anis, First, Lagoon, Cyclades, Sense y Trawler), Dufour Yachts y Hanse.  <\/p>\n<\/div><\/div><div class=\"element colonne degrade-beige-gauche\"><div class=\"element images\"><div class=\"image\"><img decoding=\"async\" src=\"https:\/\/www.mobydick-nautisme.com\/wp-content\/uploads\/2021\/06\/convoyage-bateau-pays-basque-100x86.jpg\" data-src=\"https:\/\/www.mobydick-nautisme.com\/wp-content\/uploads\/2021\/06\/convoyage-bateau-pays-basque.jpg\" alt=\"bateau covoyage pays basque\" class=\"images_image\" \/><\/div><\/div><\/div><\/div><\/div><\/section>\n\n<section id=\"section-groupe99\"\" class=\"section bg-white\" \/><div class=\"container extralarge\"><div class=\"colonnes-wrap valign-middle \"><div class=\"element colonne degrade-blanc-droite\"><div class=\"element images\"><div class=\"image\"><img decoding=\"async\" src=\"https:\/\/www.mobydick-nautisme.com\/wp-content\/uploads\/2021\/06\/convoyage-bateau-pyrenees-atlantique-100x86.jpg\" data-src=\"https:\/\/www.mobydick-nautisme.com\/wp-content\/uploads\/2021\/06\/convoyage-bateau-pyrenees-atlantique.jpg\" alt=\"convoyage bateau pyrenees atlantique\" class=\"images_image\" \/><\/div><\/div><\/div><div class=\"element colonne \"><h2 class=\"element section-title left color1\">Beca de tripulaciones<\/h2><div class=\"element bloc-text justify \">\n\t<p>Buscamos regularmente <strong class=\"bold color1\">miembros del equipo de voluntarios<\/strong> para acompa\u00f1ar a nuestros patrones en su viaje. Si desea navegar o aprender a hacerlo, puede embarcarse con nuestras tripulaciones de patrones profesionales.<br \/>\n<strong class=\"bold color1\">Las condiciones<\/strong> son: la <strong class=\"bold color1\">contribuci\u00f3n a los gastos de alimentaci\u00f3n<\/strong> (12\u20ac\/d\u00eda aproximadamente) y el <strong class=\"bold color1\">transporte de vuelta a su cargo<\/strong>.  <\/p>\n<p>No se requieren habilidades especiales, los <strong class=\"bold color1\">principiantes<\/strong> son, por tanto, bienvenidos a bordo ! <\/p>\n<p>Env\u00edenos su direcci\u00f3n de correo electr\u00f3nico para recibir nuestras <strong class=\"bold color1\">ofertas de embarque<\/strong>, en la direcci\u00f3n : mobydick@mbdck.com. <\/p>\n<\/div><\/div><\/div><\/div><\/section>\n\n<section id=\"section-groupe991\"\" class=\"section bg-color3\" \/><div class=\"container extralarge\"><div class=\"colonnes-wrap valign-middle \"><div class=\"element colonne \"><h2 class=\"element section-title left color1\">Funciones del miembro de la tripulaci\u00f3n a bordo<\/h2><div class=\"element bloc-text justify \">\n\t<ul>\n<li><strong class=\"bold color1\">Todos participan en la vida a bordo<\/strong> (aprovisionamiento, cocina, almacenamiento, limpieza\u2026).<\/li>\n<li><strong class=\"bold color1\">Los miembros de la tripulaci\u00f3n ayudan al capit\u00e1n<\/strong> durante las maniobras portuarias o de navegaci\u00f3n.<\/li>\n<li><strong class=\"color1\">El barco sigue su curso bajo piloto autom\u00e1tico generalmente<\/strong>. Los miembros de la tripulaci\u00f3n y los patrones se turnan d\u00eda y noche para garantizar que el barco funcione bien y no se acerque demasiado a ning\u00fan buque de carga. Estas \u00abguardias\u00bb duran 3 horas, el resto del tiempo el tripulante tiene tiempo libre. Si el vigilante encuentra el m\u00e1s m\u00ednimo problema durante su guardia, llama inmediatamente al capit\u00e1n.<\/li>\n<\/ul>\n<\/div><\/div><div class=\"element colonne degrade-blanc-gauche\"><div class=\"element images\"><div class=\"image\"><img decoding=\"async\" src=\"https:\/\/www.mobydick-nautisme.com\/wp-content\/uploads\/2021\/06\/voilier-convoyage-hendaye-100x86.jpg\" data-src=\"https:\/\/www.mobydick-nautisme.com\/wp-content\/uploads\/2021\/06\/voilier-convoyage-hendaye.jpg\" alt=\"voilier convoyage hendaye\" class=\"images_image\" \/><\/div><\/div><\/div><\/div><\/div><\/section>\n\n<section id=\"section-groupe7\"\" class=\"section bg-color3\" \/><div class=\"container extralarge\"><div class=\"colonnes-wrap valign-middle \"><div class=\"element colonne degrade-beige-droite\"><div class=\"element images\"><div class=\"image\"><img decoding=\"async\" src=\"https:\/\/www.mobydick-nautisme.com\/wp-content\/uploads\/2021\/06\/bateau-covoyage-hendaye-100x86.jpg\" data-src=\"https:\/\/www.mobydick-nautisme.com\/wp-content\/uploads\/2021\/06\/bateau-covoyage-hendaye.jpg\" alt=\"bateau convoyage hendaye\" class=\"images_image\" \/><\/div><\/div><\/div><div class=\"element colonne \"><h2 class=\"element section-title justify color1\">Proceso de transporte<\/h2><div class=\"element bloc-text justify \">\n\t<p>Antes de la salida, el patr\u00f3n protege y prepara el barco, y luego prepara las provisiones el d\u00eda antes de la salida.<\/p>\n<p>Destinos frecuentes : <\/p>\n<ul>\n<li><strong class=\"bold color1\">Turgutreis<\/strong> (Bodrum) :<\/li>\n<p>13 d\u00edas aproximadamente desde el Mediterr\u00e1neo.<\/p>\n<ul>\n<li>1- 48 horas de navegaci\u00f3n hacia el norte de Cerde\u00f1a en La Maddalena, luego primera parada para repostar (combustible, agua, clima&#8230;).<\/li>\n<li>2- De camino a las Islas Eolias (Lipari) para una escala de unas 24 horas.<\/li>\n<li>3- Paso por el estrecho de Mesina y luego varias direcciones posibles: el Peloponeso, Kythira en el sureste, o Ios en las C\u00edcladas.<\/li>\n<li>4- \u00daltima parada para una navegaci\u00f3n de 24 a 48 horas hasta Turgutreis.<\/li>\n<\/ul>\n<\/ul>\n<\/div><\/div><\/div><\/div><\/section>\n\n<section id=\"section-groupe8\"\" class=\"section bg-white\" \/><div class=\"container extralarge\"><div class=\"colonnes-wrap valign-middle \"><div class=\"element colonne \"><div class=\"element bloc-text justify \">\n\t<ul>\n<li><strong class=\"bold color1\">Istanbul<\/strong> :<\/li>\n<p>Una quincena de navegaci\u00f3n desde el Mediterr\u00e1neo.<\/p>\n<ul>\n<li>1- En cuanto al destino anterior, comenzamos con 48 horas de navegaci\u00f3n hacia el norte de Cerde\u00f1a en La Maddalena y luego la primera parada para abastecerse.<\/li>\n<li>2- De camino a las Islas Eolias (Lipari), luego una escala de unas 24 horas.<\/li>\n<li>3- Salida de L\u00edpari, en direcci\u00f3n al Golfo de Patras, luego paso por el Canal de Corinto, para hacer escala en la isla de Egina.<\/li>\n<li>4- El barco remonta el Mar Egeo, para una pr\u00f3xima parada en Bozcaada.<\/li>\n<li>5- A continuaci\u00f3n, paso del estrecho de los Dardanelos hacia el Mar de M\u00e1rmara para llegar a Estambul.<\/li>\n<\/ul>\n<\/ul>\n<p>Nota: desde la costa atl\u00e1ntica, el viaje durar\u00e1 entre 3 semanas y 1 mes, dependiendo del tiempo..<\/p>\n<\/div><\/div><div class=\"element colonne degrade-blanc-gauche\"><div class=\"element images\"><div class=\"image\"><img decoding=\"async\" src=\"https:\/\/www.mobydick-nautisme.com\/wp-content\/uploads\/2021\/06\/hendaye-covoyage-bateau-100x86.jpg\" data-src=\"https:\/\/www.mobydick-nautisme.com\/wp-content\/uploads\/2021\/06\/hendaye-covoyage-bateau.jpg\" alt=\"hendaye convoyage bateau\" class=\"images_image\" \/><\/div><\/div><\/div><\/div><\/div><\/section>\n\n<section id=\"section-60be22eb64157\"\" class=\"section bg-white\" \/><div class=\"container extralarge\"><div class=\"element section-title center title-underline\">Mantenimiento y reparaci\u00f3n de embarcaciones<\/div><div class=\"colonnes-wrap valign-top \"><div class=\"element colonne \"><div class=\"element call-to-action  call-to-action--style-1 call-to-action--big\"><a href=\"https:\/\/www.mobydick-nautisme.com\/es\/reparacion-barco-hendaye\/\"  class=\"call-to-action_link\" title=\"M\u00e1s informaci\u00f3n reparar\"><div class=\"call-to-action_image\"><img decoding=\"async\" src=\"https:\/\/www.mobydick-nautisme.com\/wp-content\/uploads\/2021\/06\/reparation-bateau-pays-basque-100x24.jpg\" data-src=\"https:\/\/www.mobydick-nautisme.com\/wp-content\/uploads\/2021\/06\/reparation-bateau-pays-basque.jpg\" alt=\"\" class=\"big\" \/><\/div><div class=\"call-to-action_contenu\"><div class=\"call-to-action_titre\">Reparar<\/div><\/div><\/a><\/div><\/div><div class=\"element colonne \"><div class=\"element call-to-action  call-to-action--style-1 call-to-action--big\"><a href=\"https:\/\/www.mobydick-nautisme.com\/es\/tecnicas-barco-hendaya\/\"  class=\"call-to-action_link\" title=\"M\u00e1s informaci\u00f3n t\u00e9cnica\"><div class=\"call-to-action_image\"><img decoding=\"async\" src=\"https:\/\/www.mobydick-nautisme.com\/wp-content\/uploads\/2021\/06\/service-technique-bateau-hendaye-100x24.jpg\" data-src=\"https:\/\/www.mobydick-nautisme.com\/wp-content\/uploads\/2021\/06\/service-technique-bateau-hendaye.jpg\" alt=\"\" class=\"big\" \/><\/div><div class=\"call-to-action_contenu\"><div class=\"call-to-action_titre\">T\u00e9cnica<\/div><\/div><\/a><\/div><\/div><div class=\"element colonne \"><div class=\"element call-to-action  call-to-action--style-1 call-to-action--big\"><a href=\"https:\/\/www.mobydick-nautisme.com\/es\/mantenimiento-barco-hendaya\/\"  class=\"call-to-action_link\" title=\"M\u00e1s informaci\u00f3n mantenimiento\"><div class=\"call-to-action_image\"><img decoding=\"async\" src=\"https:\/\/www.mobydick-nautisme.com\/wp-content\/uploads\/2021\/06\/entretien-bateaux-hendaye-100x24.jpg\" data-src=\"https:\/\/www.mobydick-nautisme.com\/wp-content\/uploads\/2021\/06\/entretien-bateaux-hendaye.jpg\" alt=\"\" class=\"big\" \/><\/div><div class=\"call-to-action_contenu\"><div class=\"call-to-action_titre\">Mantenimiento<\/div><\/div><\/a><\/div><\/div><\/div><\/div><\/section>","protected":false},"excerpt":{"rendered":"","protected":false},"author":1,"featured_media":1840,"parent":0,"menu_order":0,"comment_status":"closed","ping_status":"closed","template":"","meta":{"footnotes":""},"class_list":["post-1838","page","type-page","status-publish","has-post-thumbnail","hentry"],"acf":[],"yoast_head":"<!-- This site is optimized with the Yoast SEO plugin v23.4 - https:\/\/yoast.com\/wordpress\/plugins\/seo\/ -->\n<title>Transporte en barco por el Pa\u00eds Vasco | Convoy en barco Hendaya (64)<\/title>\n<meta name=\"robots\" content=\"index, follow, max-snippet:-1, max-image-preview:large, max-video-preview:-1\" \/>\n<link rel=\"canonical\" href=\"https:\/\/www.mobydick-nautisme.com\/es\/trasporte-hendaye\/\" \/>\n<meta property=\"og:locale\" content=\"es_ES\" \/>\n<meta property=\"og:type\" content=\"article\" \/>\n<meta property=\"og:title\" content=\"Transporte en barco por el Pa\u00eds Vasco | Convoy en barco Hendaya (64)\" \/>\n<meta property=\"og:url\" content=\"https:\/\/www.mobydick-nautisme.com\/es\/trasporte-hendaye\/\" \/>\n<meta property=\"og:site_name\" content=\"Moby Dick Nautisme\" \/>\n<meta property=\"article:modified_time\" content=\"2021-06-29T08:53:12+00:00\" \/>\n<meta property=\"og:image\" content=\"https:\/\/www.mobydick-nautisme.com\/wp-content\/uploads\/2021\/06\/bateaux-convoyage-hendaye.jpg\" \/>\n\t<meta property=\"og:image:width\" content=\"2305\" \/>\n\t<meta property=\"og:image:height\" content=\"545\" \/>\n\t<meta property=\"og:image:type\" content=\"image\/jpeg\" \/>\n<meta name=\"twitter:card\" content=\"summary_large_image\" \/>\n<script type=\"application\/ld+json\" class=\"yoast-schema-graph\">{\"@context\":\"https:\/\/schema.org\",\"@graph\":[{\"@type\":\"WebPage\",\"@id\":\"https:\/\/www.mobydick-nautisme.com\/es\/trasporte-hendaye\/\",\"url\":\"https:\/\/www.mobydick-nautisme.com\/es\/trasporte-hendaye\/\",\"name\":\"Transporte en barco por el Pa\u00eds Vasco | Convoy en barco Hendaya (64)\",\"isPartOf\":{\"@id\":\"https:\/\/www.mobydick-nautisme.com\/es\/#website\"},\"primaryImageOfPage\":{\"@id\":\"https:\/\/www.mobydick-nautisme.com\/es\/trasporte-hendaye\/#primaryimage\"},\"image\":{\"@id\":\"https:\/\/www.mobydick-nautisme.com\/es\/trasporte-hendaye\/#primaryimage\"},\"thumbnailUrl\":\"https:\/\/www.mobydick-nautisme.com\/wp-content\/uploads\/2021\/06\/bateaux-convoyage-hendaye.jpg\",\"datePublished\":\"2021-05-14T09:15:09+00:00\",\"dateModified\":\"2021-06-29T08:53:12+00:00\",\"breadcrumb\":{\"@id\":\"https:\/\/www.mobydick-nautisme.com\/es\/trasporte-hendaye\/#breadcrumb\"},\"inLanguage\":\"es\",\"potentialAction\":[{\"@type\":\"ReadAction\",\"target\":[\"https:\/\/www.mobydick-nautisme.com\/es\/trasporte-hendaye\/\"]}]},{\"@type\":\"ImageObject\",\"inLanguage\":\"es\",\"@id\":\"https:\/\/www.mobydick-nautisme.com\/es\/trasporte-hendaye\/#primaryimage\",\"url\":\"https:\/\/www.mobydick-nautisme.com\/wp-content\/uploads\/2021\/06\/bateaux-convoyage-hendaye.jpg\",\"contentUrl\":\"https:\/\/www.mobydick-nautisme.com\/wp-content\/uploads\/2021\/06\/bateaux-convoyage-hendaye.jpg\",\"width\":2305,\"height\":545},{\"@type\":\"BreadcrumbList\",\"@id\":\"https:\/\/www.mobydick-nautisme.com\/es\/trasporte-hendaye\/#breadcrumb\",\"itemListElement\":[{\"@type\":\"ListItem\",\"position\":1,\"name\":\"Mobydick - Compra y alquiler de barcos\",\"item\":\"https:\/\/www.mobydick-nautisme.com\/es\/\"},{\"@type\":\"ListItem\",\"position\":2,\"name\":\"Convoy en barco Pa\u00eds Vasco\"}]},{\"@type\":\"WebSite\",\"@id\":\"https:\/\/www.mobydick-nautisme.com\/es\/#website\",\"url\":\"https:\/\/www.mobydick-nautisme.com\/es\/\",\"name\":\"Moby Dick Nautisme\",\"description\":\"\",\"publisher\":{\"@id\":\"https:\/\/www.mobydick-nautisme.com\/es\/#organization\"},\"potentialAction\":[{\"@type\":\"SearchAction\",\"target\":{\"@type\":\"EntryPoint\",\"urlTemplate\":\"https:\/\/www.mobydick-nautisme.com\/es\/?s={search_term_string}\"},\"query-input\":{\"@type\":\"PropertyValueSpecification\",\"valueRequired\":true,\"valueName\":\"search_term_string\"}}],\"inLanguage\":\"es\"},{\"@type\":\"Organization\",\"@id\":\"https:\/\/www.mobydick-nautisme.com\/es\/#organization\",\"name\":\"Mobydick - Achat et location de bateaux\",\"url\":\"https:\/\/www.mobydick-nautisme.com\/es\/\",\"logo\":{\"@type\":\"ImageObject\",\"inLanguage\":\"es\",\"@id\":\"https:\/\/www.mobydick-nautisme.com\/es\/#\/schema\/logo\/image\/\",\"url\":\"https:\/\/www.mobydick-nautisme.com\/wp-content\/uploads\/2021\/06\/cropped-favicon.png\",\"contentUrl\":\"https:\/\/www.mobydick-nautisme.com\/wp-content\/uploads\/2021\/06\/cropped-favicon.png\",\"width\":512,\"height\":512,\"caption\":\"Mobydick - Achat et location de bateaux\"},\"image\":{\"@id\":\"https:\/\/www.mobydick-nautisme.com\/es\/#\/schema\/logo\/image\/\"}}]}<\/script>\n<!-- \/ Yoast SEO plugin. -->","yoast_head_json":{"title":"Transporte en barco por el Pa\u00eds Vasco | Convoy en barco Hendaya (64)","robots":{"index":"index","follow":"follow","max-snippet":"max-snippet:-1","max-image-preview":"max-image-preview:large","max-video-preview":"max-video-preview:-1"},"canonical":"https:\/\/www.mobydick-nautisme.com\/es\/trasporte-hendaye\/","og_locale":"es_ES","og_type":"article","og_title":"Transporte en barco por el Pa\u00eds Vasco | Convoy en barco Hendaya (64)","og_url":"https:\/\/www.mobydick-nautisme.com\/es\/trasporte-hendaye\/","og_site_name":"Moby Dick Nautisme","article_modified_time":"2021-06-29T08:53:12+00:00","og_image":[{"width":2305,"height":545,"url":"https:\/\/www.mobydick-nautisme.com\/wp-content\/uploads\/2021\/06\/bateaux-convoyage-hendaye.jpg","type":"image\/jpeg"}],"twitter_card":"summary_large_image","schema":{"@context":"https:\/\/schema.org","@graph":[{"@type":"WebPage","@id":"https:\/\/www.mobydick-nautisme.com\/es\/trasporte-hendaye\/","url":"https:\/\/www.mobydick-nautisme.com\/es\/trasporte-hendaye\/","name":"Transporte en barco por el Pa\u00eds Vasco | Convoy en barco Hendaya (64)","isPartOf":{"@id":"https:\/\/www.mobydick-nautisme.com\/es\/#website"},"primaryImageOfPage":{"@id":"https:\/\/www.mobydick-nautisme.com\/es\/trasporte-hendaye\/#primaryimage"},"image":{"@id":"https:\/\/www.mobydick-nautisme.com\/es\/trasporte-hendaye\/#primaryimage"},"thumbnailUrl":"https:\/\/www.mobydick-nautisme.com\/wp-content\/uploads\/2021\/06\/bateaux-convoyage-hendaye.jpg","datePublished":"2021-05-14T09:15:09+00:00","dateModified":"2021-06-29T08:53:12+00:00","breadcrumb":{"@id":"https:\/\/www.mobydick-nautisme.com\/es\/trasporte-hendaye\/#breadcrumb"},"inLanguage":"es","potentialAction":[{"@type":"ReadAction","target":["https:\/\/www.mobydick-nautisme.com\/es\/trasporte-hendaye\/"]}]},{"@type":"ImageObject","inLanguage":"es","@id":"https:\/\/www.mobydick-nautisme.com\/es\/trasporte-hendaye\/#primaryimage","url":"https:\/\/www.mobydick-nautisme.com\/wp-content\/uploads\/2021\/06\/bateaux-convoyage-hendaye.jpg","contentUrl":"https:\/\/www.mobydick-nautisme.com\/wp-content\/uploads\/2021\/06\/bateaux-convoyage-hendaye.jpg","width":2305,"height":545},{"@type":"BreadcrumbList","@id":"https:\/\/www.mobydick-nautisme.com\/es\/trasporte-hendaye\/#breadcrumb","itemListElement":[{"@type":"ListItem","position":1,"name":"Mobydick - Compra y alquiler de barcos","item":"https:\/\/www.mobydick-nautisme.com\/es\/"},{"@type":"ListItem","position":2,"name":"Convoy en barco Pa\u00eds Vasco"}]},{"@type":"WebSite","@id":"https:\/\/www.mobydick-nautisme.com\/es\/#website","url":"https:\/\/www.mobydick-nautisme.com\/es\/","name":"Moby Dick Nautisme","description":"","publisher":{"@id":"https:\/\/www.mobydick-nautisme.com\/es\/#organization"},"potentialAction":[{"@type":"SearchAction","target":{"@type":"EntryPoint","urlTemplate":"https:\/\/www.mobydick-nautisme.com\/es\/?s={search_term_string}"},"query-input":{"@type":"PropertyValueSpecification","valueRequired":true,"valueName":"search_term_string"}}],"inLanguage":"es"},{"@type":"Organization","@id":"https:\/\/www.mobydick-nautisme.com\/es\/#organization","name":"Mobydick - Achat et location de bateaux","url":"https:\/\/www.mobydick-nautisme.com\/es\/","logo":{"@type":"ImageObject","inLanguage":"es","@id":"https:\/\/www.mobydick-nautisme.com\/es\/#\/schema\/logo\/image\/","url":"https:\/\/www.mobydick-nautisme.com\/wp-content\/uploads\/2021\/06\/cropped-favicon.png","contentUrl":"https:\/\/www.mobydick-nautisme.com\/wp-content\/uploads\/2021\/06\/cropped-favicon.png","width":512,"height":512,"caption":"Mobydick - Achat et location de bateaux"},"image":{"@id":"https:\/\/www.mobydick-nautisme.com\/es\/#\/schema\/logo\/image\/"}}]}},"_links":{"self":[{"href":"https:\/\/www.mobydick-nautisme.com\/es\/wp-json\/wp\/v2\/pages\/1838","targetHints":{"allow":["GET"]}}],"collection":[{"href":"https:\/\/www.mobydick-nautisme.com\/es\/wp-json\/wp\/v2\/pages"}],"about":[{"href":"https:\/\/www.mobydick-nautisme.com\/es\/wp-json\/wp\/v2\/types\/page"}],"author":[{"embeddable":true,"href":"https:\/\/www.mobydick-nautisme.com\/es\/wp-json\/wp\/v2\/users\/1"}],"replies":[{"embeddable":true,"href":"https:\/\/www.mobydick-nautisme.com\/es\/wp-json\/wp\/v2\/comments?post=1838"}],"version-history":[{"count":10,"href":"https:\/\/www.mobydick-nautisme.com\/es\/wp-json\/wp\/v2\/pages\/1838\/revisions"}],"predecessor-version":[{"id":1900,"href":"https:\/\/www.mobydick-nautisme.com\/es\/wp-json\/wp\/v2\/pages\/1838\/revisions\/1900"}],"wp:featuredmedia":[{"embeddable":true,"href":"https:\/\/www.mobydick-nautisme.com\/es\/wp-json\/wp\/v2\/media\/1840"}],"wp:attachment":[{"href":"https:\/\/www.mobydick-nautisme.com\/es\/wp-json\/wp\/v2\/media?parent=1838"}],"curies":[{"name":"wp","href":"https:\/\/api.w.org\/{rel}","templated":true}]}}