{"id":1922,"date":"2021-06-08T11:10:22","date_gmt":"2021-06-08T09:10:22","guid":{"rendered":"https:\/\/www.mobydick-nautisme.com\/achat-voilier-dufour-hendaye\/"},"modified":"2021-06-29T11:57:35","modified_gmt":"2021-06-29T09:57:35","slug":"comprar-velero-dufour-hendaye","status":"publish","type":"page","link":"https:\/\/www.mobydick-nautisme.com\/es\/comprar-velero-dufour-hendaye\/","title":{"rendered":"Dufour"},"content":{"rendered":"<section id=\"section-60be22eb63973\"\" class=\"section bg-white\" \/><div class=\"container extralarge\"><div class=\"colonnes-wrap valign-middle \"><div class=\"element colonne \"><h1 class=\"element section-title justify color1\">Comprar un velero Dufour en Hendaya<\/h1><div class=\"element bloc-text justify \">\n\t<p>La marca Dufour, fundada en 1964 por Michel Dufour, es uno de los <strong class=\"bold color1\">constructores de yates de fama mundial<\/strong>. Desde el lanzamiento en <strong class=\"bold color1\">1965<\/strong> de su <strong class=\"bold color1\">barco de vela legendario Arp\u00e8ge<\/strong>, Este astillero de P\u00e9rigny dise\u00f1a cruceros robustos y de alto rendimiento, muy apreciados por los aficionados a la navegaci\u00f3n. Varios monocascos con la marca \u00abDufour\u00bb se han convertido en <strong class=\"bold color1\">referencias aut\u00e9nticas<\/strong>, empezando por las series 40 y 34 permitiendo que la marca gane <strong class=\"bold color1\">prestigioso premio<\/strong>. Siempre a la vanguardia de la tecnolog\u00eda, las <strong class=\"bold color1\">Gamas Grand Large y Performance<\/strong> dEste fabricante franc\u00e9s ofrece peque\u00f1as joyas en el agua, que combinan armoniosamente <strong class=\"bold color1\">confort<\/strong> y <strong class=\"bold color1\">sensaciones marinas<\/strong>. <\/p>\n<\/div><\/div><div class=\"element colonne degrade-blanc-gauche\"><div class=\"element images\"><div class=\"image\"><img decoding=\"async\" src=\"https:\/\/www.mobydick-nautisme.com\/wp-content\/uploads\/2021\/06\/achat-bateau-dufour-hendaye-100x86.jpg\" data-src=\"https:\/\/www.mobydick-nautisme.com\/wp-content\/uploads\/2021\/06\/achat-bateau-dufour-hendaye.jpg\" alt=\"achat bateau dufour hendaye\" class=\"images_image\" \/><\/div><\/div><\/div><\/div><\/div><\/section>\n\n<section id=\"section-60be22eb63bac\"\" class=\"section bg-white\" \/><div class=\"container extralarge\"><div class=\"colonnes-wrap valign-middle \"><div class=\"element colonne degrade-blanc-droite\"><div class=\"element images\"><div class=\"image\"><img decoding=\"async\" src=\"https:\/\/www.mobydick-nautisme.com\/wp-content\/uploads\/2021\/06\/bateau-dufour-hendaye-100x86.jpg\" data-src=\"https:\/\/www.mobydick-nautisme.com\/wp-content\/uploads\/2021\/06\/bateau-dufour-hendaye.jpg\" alt=\"bateau dufour hendaye\" class=\"images_image\" \/><\/div><\/div><\/div><div class=\"element colonne \"><h2 class=\"element section-title justify color1\">El precio de un velero Dufour de segunda mano<\/h2><div class=\"element bloc-text justify \">\n\t<p>\u00bfSue\u00f1a con comprar un velero Dufour pero no puede permitirse uno nuevo? <\/p>\n<p>Miles de anuncios clasificados le permiten encontrar un <strong class=\"bold color1\">velero Dufour usado<\/strong> a un precio muy interesante si se toma el tiempo de mirar con atenci\u00f3n. En efecto, es posible tener un velero Dufour usado a <strong class=\"bold color1\">menos de 10.000 euros<\/strong>. En cambio, si buscas un modelo reciente en segunda mano, deber\u00e1s prever m\u00e1s de 100.000 euros.  <\/p>\n<p>Pero otros modelos m\u00e1s o menos recientes son ofrecidos por particulares o tiendas online de veleros usados a <strong class=\"bold color1\">menos de 100.000 euros<\/strong>, otros incluso ofrecen un velero Dufour usado por menos de <strong class=\"bold color1\">50.000 euros<\/strong>.  <\/p>\n<p>Entre todas las ofertas de Internet, seguro que encuentra el velero Dufour de sus sue\u00f1os. En definitiva, el precio de un velero Dufour de segunda mano puede variar considerablemente en funci\u00f3n de su tama\u00f1o, modelo y, por supuesto, de su estado.<\/p>\n<\/div><\/div><\/div><\/div><\/section>\n\n<section id=\"section-60be22eb63d6c\"\" class=\"section bg-color3\" \/><div class=\"container extralarge\"><div class=\"colonnes-wrap valign-middle \"><div class=\"element colonne \"><h2 class=\"element section-title justify color1\">\u00bfC\u00f3mo elegir su velero Dufour de segunda mano?<\/h2><div class=\"element bloc-text justify \">\n\t<p>La compra de un barco y especialmente de un <strong class=\"bold color1\">velero de segunda mano<\/strong> es una <strong class=\"bold color1\">inversi\u00f3n<\/strong> que puede resultar muy cara. Adem\u00e1s, es fundamental elegir bien su <strong class=\"bold color1\">velero Dufour de segunda mano<\/strong> para acertar. Encontrar su felicidad es a veces complicado entre una oferta cada vez m\u00e1s grande de unidades usadas. Por lo tanto, para no arrepentirse de una compra compulsiva, identifique sus necesidades antes de cualquier visita. <\/p>\n<p>Aqu\u00ed tienes algunas preguntas que debes hacerte antes de comprar tu <strong class=\"bold color1\">velero de segunda mano<\/strong>. En primer lugar, preg\u00fantate para qu\u00e9 quieres usarlo. A continuaci\u00f3n, identifique la zona de navegaci\u00f3n y, por \u00faltimo, determine su presupuesto. Una cosa es la compra de una embarcaci\u00f3n y otra el coste de su uso y mantenimiento. Para determinar su elecci\u00f3n, t\u00f3mese su tiempo. No dudes en comparar precios y caracter\u00edsticas de los <strong class=\"bold color1\">diferentes modelos<\/strong> del mercado. <\/p>\n<\/div><\/div><div class=\"element colonne degrade-beige-gauche\"><div class=\"element images\"><div class=\"image\"><img decoding=\"async\" src=\"https:\/\/www.mobydick-nautisme.com\/wp-content\/uploads\/2021\/06\/pays-basque-voilier-dufour-100x86.jpg\" data-src=\"https:\/\/www.mobydick-nautisme.com\/wp-content\/uploads\/2021\/06\/pays-basque-voilier-dufour.jpg\" alt=\"pays basque voilier dufour\" class=\"images_image\" \/><\/div><\/div><\/div><\/div><\/div><\/section>\n\n<section id=\"section-60be22eb63f33\"\" class=\"section bg-color3\" \/><div class=\"container extralarge\"><div class=\"colonnes-wrap valign-middle \"><div class=\"element colonne degrade-beige-droite\"><div class=\"element images\"><div class=\"image\"><img decoding=\"async\" src=\"https:\/\/www.mobydick-nautisme.com\/wp-content\/uploads\/2021\/06\/voilier-dufour-hendaye-100x86.jpg\" data-src=\"https:\/\/www.mobydick-nautisme.com\/wp-content\/uploads\/2021\/06\/voilier-dufour-hendaye.jpg\" alt=\"voilier dufour hendaye\" class=\"images_image\" \/><\/div><\/div><\/div><div class=\"element colonne \"><div class=\"element bloc-text justify \">\n\t<p>En general, los barcos de vela se clasifican seg\u00fan la configuraci\u00f3n de su casco, el tipo de quilla, las dimensiones, el n\u00famero de m\u00e1stiles y, por \u00faltimo, el uso que se les da. Desde la peque\u00f1a embarcaci\u00f3n auxiliar hasta el crucero de aguas azules con el que dar\u00e1 la vuelta al mundo, las principales categor\u00edas de barcos de vela pueden resumirse as\u00ed :<\/p>\n<ul>\n<li>Las <strong class=\"bold color1\">barcas ligeras<\/strong> que pueden ser navegadas en solitario o a dos manos, para ocio o competici\u00f3n. Siguen siendo los barcos ideales para <strong class=\"bold color1\">iniciarse en la navegaci\u00f3n<\/strong>.<\/li>\n<li>Al llevar <strong class=\"bold color1\">multicascos<\/strong> se facilita la \u00abplaya\u00bb. Tienen muchas ventajas, como <strong class=\"bold color1\">estabilidad<\/strong> y <strong class=\"bold color1\">rendimiento<\/strong>.<\/li>\n<li>Los <strong class=\"bold color1\">monohulls<\/strong> representan la mayor oferta de veleros. En este tipo de embarcaciones se centra la mayor parte de la demanda de unidades de segunda mano. Desde los peque\u00f1os barcos de un d\u00eda hasta los megayates, una vez m\u00e1s, todo es cuesti\u00f3n de programa y presupuesto.<\/li>\n<li>Los <strong class=\"bold color1\">multicascos<\/strong> ofrecen <strong class=\"bold color1\">mucho m\u00e1s espacio<\/strong> y <strong class=\"bold color1\">volumen<\/strong> que un monocasco de la misma eslora, con una posici\u00f3n plana que proporciona un incomparable <strong class=\"bold color1\">confort<\/strong> tanto en el mar como en el fondeo. Por otro lado, la principal desventaja de este tipo de velero es que es m\u00e1s caro que un monocasco a todos los niveles: compra, mantenimiento, costes de los dos motores, seguro, amarre,&#8230; el sobrecoste puede oscilar entre el 40 y el 100% seg\u00fan el modelo.<\/li>\n<\/ul>\n<p>Descubra tambi\u00e9n todos nuestros veleros y barcos a motor nuevos y usados en <a href=\"https:\/\/www.mobydick-nautisme.com\/es\/\">Moby Dick \u00e0 Hendaye<\/a>.<\/p>\n<\/div><\/div><\/div><\/div><\/section>\n\n<section id=\"section-60be22eb64157\"\" class=\"section bg-white\" \/><div class=\"container extralarge\"><div class=\"element section-title center title-underline\">Nuevos barcos y convoyes de barcos<\/div><div class=\"colonnes-wrap valign-top \"><div class=\"element colonne \"><div class=\"element call-to-action  call-to-action--style-1 call-to-action--big\"><a href=\"\"  class=\"call-to-action_link\" title=\"M\u00e1s informaci\u00f3n transportes\"><div class=\"call-to-action_image\"><img decoding=\"async\" src=\"https:\/\/www.mobydick-nautisme.com\/wp-content\/uploads\/2021\/06\/convoyage-bateax-hendaye-100x56.jpg\" data-src=\"https:\/\/www.mobydick-nautisme.com\/wp-content\/uploads\/2021\/06\/convoyage-bateax-hendaye.jpg\" alt=\"convoyage bateaux hendaye\" class=\"big\" \/><\/div><div class=\"call-to-action_contenu\"><div class=\"call-to-action_titre\">Transportes<\/div><\/div><\/a><\/div><\/div><div class=\"element colonne \"><div class=\"element call-to-action  call-to-action--style-1 call-to-action--big\"><a href=\"https:\/\/www.mobydick-nautisme.com\/es\/comprar-barco-nuevo-hendaye\/\"  class=\"call-to-action_link\" title=\"M\u00e1s informaci\u00f3n barcos nuevos\"><div class=\"call-to-action_image\"><img decoding=\"async\" src=\"https:\/\/www.mobydick-nautisme.com\/wp-content\/uploads\/2021\/06\/pays-basque-bateaux-neufs-1-100x24.jpg\" data-src=\"https:\/\/www.mobydick-nautisme.com\/wp-content\/uploads\/2021\/06\/pays-basque-bateaux-neufs-1.jpg\" alt=\"\" class=\"big\" \/><\/div><div class=\"call-to-action_contenu\"><div class=\"call-to-action_titre\">Barcos nuevos<\/div><\/div><\/a><\/div><\/div><div class=\"element colonne \"><div class=\"element call-to-action  call-to-action--style-1 call-to-action--big\"><a href=\"https:\/\/www.mobydick-nautisme.com\/es\/comprar-barco-nuevo-hendaye\/\"  class=\"call-to-action_link\" title=\"M\u00e1s informaci\u00f3n veleros nuevos\"><div class=\"call-to-action_image\"><img decoding=\"async\" src=\"https:\/\/www.mobydick-nautisme.com\/wp-content\/uploads\/2021\/06\/pays-basque-bateaux-neufs-1-100x24.jpg\" data-src=\"https:\/\/www.mobydick-nautisme.com\/wp-content\/uploads\/2021\/06\/pays-basque-bateaux-neufs-1.jpg\" alt=\"\" class=\"big\" \/><\/div><div class=\"call-to-action_contenu\"><div class=\"call-to-action_titre\">Veleros nuevos<\/div><\/div><\/a><\/div><\/div><\/div><\/div><\/section>","protected":false},"excerpt":{"rendered":"","protected":false},"author":1,"featured_media":1923,"parent":0,"menu_order":0,"comment_status":"closed","ping_status":"closed","template":"","meta":{"footnotes":""},"class_list":["post-1922","page","type-page","status-publish","has-post-thumbnail","hentry"],"acf":[],"yoast_head":"<!-- This site is optimized with the Yoast SEO plugin v23.4 - https:\/\/yoast.com\/wordpress\/plugins\/seo\/ -->\n<title>Comprar velero Dufour Hendaye | Comprar velero Dufour pays basque (64)<\/title>\n<meta name=\"robots\" content=\"index, follow, max-snippet:-1, max-image-preview:large, max-video-preview:-1\" \/>\n<link rel=\"canonical\" href=\"https:\/\/www.mobydick-nautisme.com\/es\/comprar-velero-dufour-hendaye\/\" \/>\n<meta property=\"og:locale\" content=\"es_ES\" \/>\n<meta property=\"og:type\" content=\"article\" \/>\n<meta property=\"og:title\" content=\"Comprar velero Dufour Hendaye | Comprar velero Dufour pays basque (64)\" \/>\n<meta property=\"og:url\" content=\"https:\/\/www.mobydick-nautisme.com\/es\/comprar-velero-dufour-hendaye\/\" \/>\n<meta property=\"og:site_name\" content=\"Moby Dick Nautisme\" \/>\n<meta property=\"article:modified_time\" content=\"2021-06-29T09:57:35+00:00\" \/>\n<meta property=\"og:image\" content=\"https:\/\/www.mobydick-nautisme.com\/wp-content\/uploads\/2021\/06\/mer-location-bateau-hendaye.jpg\" \/>\n\t<meta property=\"og:image:width\" content=\"1899\" \/>\n\t<meta property=\"og:image:height\" content=\"450\" \/>\n\t<meta property=\"og:image:type\" content=\"image\/jpeg\" \/>\n<meta name=\"twitter:card\" content=\"summary_large_image\" \/>\n<script type=\"application\/ld+json\" class=\"yoast-schema-graph\">{\"@context\":\"https:\/\/schema.org\",\"@graph\":[{\"@type\":\"WebPage\",\"@id\":\"https:\/\/www.mobydick-nautisme.com\/es\/comprar-velero-dufour-hendaye\/\",\"url\":\"https:\/\/www.mobydick-nautisme.com\/es\/comprar-velero-dufour-hendaye\/\",\"name\":\"Comprar velero Dufour Hendaye | Comprar velero Dufour pays basque (64)\",\"isPartOf\":{\"@id\":\"https:\/\/www.mobydick-nautisme.com\/es\/#website\"},\"primaryImageOfPage\":{\"@id\":\"https:\/\/www.mobydick-nautisme.com\/es\/comprar-velero-dufour-hendaye\/#primaryimage\"},\"image\":{\"@id\":\"https:\/\/www.mobydick-nautisme.com\/es\/comprar-velero-dufour-hendaye\/#primaryimage\"},\"thumbnailUrl\":\"https:\/\/www.mobydick-nautisme.com\/wp-content\/uploads\/2021\/06\/mer-location-bateau-hendaye.jpg\",\"datePublished\":\"2021-06-08T09:10:22+00:00\",\"dateModified\":\"2021-06-29T09:57:35+00:00\",\"breadcrumb\":{\"@id\":\"https:\/\/www.mobydick-nautisme.com\/es\/comprar-velero-dufour-hendaye\/#breadcrumb\"},\"inLanguage\":\"es\",\"potentialAction\":[{\"@type\":\"ReadAction\",\"target\":[\"https:\/\/www.mobydick-nautisme.com\/es\/comprar-velero-dufour-hendaye\/\"]}]},{\"@type\":\"ImageObject\",\"inLanguage\":\"es\",\"@id\":\"https:\/\/www.mobydick-nautisme.com\/es\/comprar-velero-dufour-hendaye\/#primaryimage\",\"url\":\"https:\/\/www.mobydick-nautisme.com\/wp-content\/uploads\/2021\/06\/mer-location-bateau-hendaye.jpg\",\"contentUrl\":\"https:\/\/www.mobydick-nautisme.com\/wp-content\/uploads\/2021\/06\/mer-location-bateau-hendaye.jpg\",\"width\":1899,\"height\":450,\"caption\":\"location bateau hendaye\"},{\"@type\":\"BreadcrumbList\",\"@id\":\"https:\/\/www.mobydick-nautisme.com\/es\/comprar-velero-dufour-hendaye\/#breadcrumb\",\"itemListElement\":[{\"@type\":\"ListItem\",\"position\":1,\"name\":\"Mobydick - Compra y alquiler de barcos\",\"item\":\"https:\/\/www.mobydick-nautisme.com\/es\/\"},{\"@type\":\"ListItem\",\"position\":2,\"name\":\"Comprar Velero Dufour Pa\u00eds Vasco\"}]},{\"@type\":\"WebSite\",\"@id\":\"https:\/\/www.mobydick-nautisme.com\/es\/#website\",\"url\":\"https:\/\/www.mobydick-nautisme.com\/es\/\",\"name\":\"Moby Dick Nautisme\",\"description\":\"\",\"publisher\":{\"@id\":\"https:\/\/www.mobydick-nautisme.com\/es\/#organization\"},\"potentialAction\":[{\"@type\":\"SearchAction\",\"target\":{\"@type\":\"EntryPoint\",\"urlTemplate\":\"https:\/\/www.mobydick-nautisme.com\/es\/?s={search_term_string}\"},\"query-input\":{\"@type\":\"PropertyValueSpecification\",\"valueRequired\":true,\"valueName\":\"search_term_string\"}}],\"inLanguage\":\"es\"},{\"@type\":\"Organization\",\"@id\":\"https:\/\/www.mobydick-nautisme.com\/es\/#organization\",\"name\":\"Mobydick - Achat et location de bateaux\",\"url\":\"https:\/\/www.mobydick-nautisme.com\/es\/\",\"logo\":{\"@type\":\"ImageObject\",\"inLanguage\":\"es\",\"@id\":\"https:\/\/www.mobydick-nautisme.com\/es\/#\/schema\/logo\/image\/\",\"url\":\"https:\/\/www.mobydick-nautisme.com\/wp-content\/uploads\/2021\/06\/cropped-favicon.png\",\"contentUrl\":\"https:\/\/www.mobydick-nautisme.com\/wp-content\/uploads\/2021\/06\/cropped-favicon.png\",\"width\":512,\"height\":512,\"caption\":\"Mobydick - Achat et location de bateaux\"},\"image\":{\"@id\":\"https:\/\/www.mobydick-nautisme.com\/es\/#\/schema\/logo\/image\/\"}}]}<\/script>\n<!-- \/ Yoast SEO plugin. -->","yoast_head_json":{"title":"Comprar velero Dufour Hendaye | Comprar velero Dufour pays basque (64)","robots":{"index":"index","follow":"follow","max-snippet":"max-snippet:-1","max-image-preview":"max-image-preview:large","max-video-preview":"max-video-preview:-1"},"canonical":"https:\/\/www.mobydick-nautisme.com\/es\/comprar-velero-dufour-hendaye\/","og_locale":"es_ES","og_type":"article","og_title":"Comprar velero Dufour Hendaye | Comprar velero Dufour pays basque (64)","og_url":"https:\/\/www.mobydick-nautisme.com\/es\/comprar-velero-dufour-hendaye\/","og_site_name":"Moby Dick Nautisme","article_modified_time":"2021-06-29T09:57:35+00:00","og_image":[{"width":1899,"height":450,"url":"https:\/\/www.mobydick-nautisme.com\/wp-content\/uploads\/2021\/06\/mer-location-bateau-hendaye.jpg","type":"image\/jpeg"}],"twitter_card":"summary_large_image","schema":{"@context":"https:\/\/schema.org","@graph":[{"@type":"WebPage","@id":"https:\/\/www.mobydick-nautisme.com\/es\/comprar-velero-dufour-hendaye\/","url":"https:\/\/www.mobydick-nautisme.com\/es\/comprar-velero-dufour-hendaye\/","name":"Comprar velero Dufour Hendaye | Comprar velero Dufour pays basque (64)","isPartOf":{"@id":"https:\/\/www.mobydick-nautisme.com\/es\/#website"},"primaryImageOfPage":{"@id":"https:\/\/www.mobydick-nautisme.com\/es\/comprar-velero-dufour-hendaye\/#primaryimage"},"image":{"@id":"https:\/\/www.mobydick-nautisme.com\/es\/comprar-velero-dufour-hendaye\/#primaryimage"},"thumbnailUrl":"https:\/\/www.mobydick-nautisme.com\/wp-content\/uploads\/2021\/06\/mer-location-bateau-hendaye.jpg","datePublished":"2021-06-08T09:10:22+00:00","dateModified":"2021-06-29T09:57:35+00:00","breadcrumb":{"@id":"https:\/\/www.mobydick-nautisme.com\/es\/comprar-velero-dufour-hendaye\/#breadcrumb"},"inLanguage":"es","potentialAction":[{"@type":"ReadAction","target":["https:\/\/www.mobydick-nautisme.com\/es\/comprar-velero-dufour-hendaye\/"]}]},{"@type":"ImageObject","inLanguage":"es","@id":"https:\/\/www.mobydick-nautisme.com\/es\/comprar-velero-dufour-hendaye\/#primaryimage","url":"https:\/\/www.mobydick-nautisme.com\/wp-content\/uploads\/2021\/06\/mer-location-bateau-hendaye.jpg","contentUrl":"https:\/\/www.mobydick-nautisme.com\/wp-content\/uploads\/2021\/06\/mer-location-bateau-hendaye.jpg","width":1899,"height":450,"caption":"location bateau hendaye"},{"@type":"BreadcrumbList","@id":"https:\/\/www.mobydick-nautisme.com\/es\/comprar-velero-dufour-hendaye\/#breadcrumb","itemListElement":[{"@type":"ListItem","position":1,"name":"Mobydick - Compra y alquiler de barcos","item":"https:\/\/www.mobydick-nautisme.com\/es\/"},{"@type":"ListItem","position":2,"name":"Comprar Velero Dufour Pa\u00eds Vasco"}]},{"@type":"WebSite","@id":"https:\/\/www.mobydick-nautisme.com\/es\/#website","url":"https:\/\/www.mobydick-nautisme.com\/es\/","name":"Moby Dick Nautisme","description":"","publisher":{"@id":"https:\/\/www.mobydick-nautisme.com\/es\/#organization"},"potentialAction":[{"@type":"SearchAction","target":{"@type":"EntryPoint","urlTemplate":"https:\/\/www.mobydick-nautisme.com\/es\/?s={search_term_string}"},"query-input":{"@type":"PropertyValueSpecification","valueRequired":true,"valueName":"search_term_string"}}],"inLanguage":"es"},{"@type":"Organization","@id":"https:\/\/www.mobydick-nautisme.com\/es\/#organization","name":"Mobydick - Achat et location de bateaux","url":"https:\/\/www.mobydick-nautisme.com\/es\/","logo":{"@type":"ImageObject","inLanguage":"es","@id":"https:\/\/www.mobydick-nautisme.com\/es\/#\/schema\/logo\/image\/","url":"https:\/\/www.mobydick-nautisme.com\/wp-content\/uploads\/2021\/06\/cropped-favicon.png","contentUrl":"https:\/\/www.mobydick-nautisme.com\/wp-content\/uploads\/2021\/06\/cropped-favicon.png","width":512,"height":512,"caption":"Mobydick - Achat et location de bateaux"},"image":{"@id":"https:\/\/www.mobydick-nautisme.com\/es\/#\/schema\/logo\/image\/"}}]}},"_links":{"self":[{"href":"https:\/\/www.mobydick-nautisme.com\/es\/wp-json\/wp\/v2\/pages\/1922","targetHints":{"allow":["GET"]}}],"collection":[{"href":"https:\/\/www.mobydick-nautisme.com\/es\/wp-json\/wp\/v2\/pages"}],"about":[{"href":"https:\/\/www.mobydick-nautisme.com\/es\/wp-json\/wp\/v2\/types\/page"}],"author":[{"embeddable":true,"href":"https:\/\/www.mobydick-nautisme.com\/es\/wp-json\/wp\/v2\/users\/1"}],"replies":[{"embeddable":true,"href":"https:\/\/www.mobydick-nautisme.com\/es\/wp-json\/wp\/v2\/comments?post=1922"}],"version-history":[{"count":10,"href":"https:\/\/www.mobydick-nautisme.com\/es\/wp-json\/wp\/v2\/pages\/1922\/revisions"}],"predecessor-version":[{"id":1948,"href":"https:\/\/www.mobydick-nautisme.com\/es\/wp-json\/wp\/v2\/pages\/1922\/revisions\/1948"}],"wp:featuredmedia":[{"embeddable":true,"href":"https:\/\/www.mobydick-nautisme.com\/es\/wp-json\/wp\/v2\/media\/1923"}],"wp:attachment":[{"href":"https:\/\/www.mobydick-nautisme.com\/es\/wp-json\/wp\/v2\/media?parent=1922"}],"curies":[{"name":"wp","href":"https:\/\/api.w.org\/{rel}","templated":true}]}}