{"id":1949,"date":"2021-05-14T11:15:49","date_gmt":"2021-05-14T09:15:49","guid":{"rendered":"https:\/\/www.mobydick-nautisme.com\/entretien-bateau-hendaye\/"},"modified":"2021-07-08T16:34:36","modified_gmt":"2021-07-08T14:34:36","slug":"mantenimiento-barco-hendaya","status":"publish","type":"page","link":"https:\/\/www.mobydick-nautisme.com\/es\/mantenimiento-barco-hendaya\/","title":{"rendered":"Entretien"},"content":{"rendered":"<section id=\"section-60be22eb63973\"\" class=\"section bg-white\" \/><div class=\"container extralarge\"><div class=\"colonnes-wrap valign-middle \"><div class=\"element colonne \"><h1 class=\"element section-title left color1\">Manutenci\u00f3n de barcos en Hendaya<\/h1><h2 class=\"element section-title justify color1 m-t-4\">Reparaci\u00f3n de barcos en el Pa\u00eds Vasco<\/h2><div class=\"element bloc-text justify \">\n\t<p>El <strong class=\"bold color1\">recorte de su embarcaci\u00f3n<\/strong> es un procedimiento importante y regulado que consiste en eliminar todos los organismos marinos adheridos al casco a lo largo del tiempo, por debajo de la l\u00ednea de flotaci\u00f3n, as\u00ed como los antiincrustantes aplicados anteriormente, antes de aplicar una nueva capa de pintura protectora. Todo esto se hace con el objetivo de restaurar la velocidad y las propiedades de deslizamiento de su barco. <\/p>\n<p>Le proponemos que organice esta funcionamiento t\u00e9cnico de su embarcaci\u00f3n para usted, cumpliendo estrictamente la normativa, gracias a un equipo profesional, y <strong class=\"bold color1\">productos de calidad<\/strong> y respetuosos con el medio ambiente. <\/p>\n<\/div><\/div><div class=\"element colonne degrade-blanc-gauche\"><div class=\"element images\"><div class=\"image\"><img decoding=\"async\" src=\"https:\/\/www.mobydick-nautisme.com\/wp-content\/uploads\/2021\/06\/carenage-bateau-pays-basque-100x86.jpg\" data-src=\"https:\/\/www.mobydick-nautisme.com\/wp-content\/uploads\/2021\/06\/carenage-bateau-pays-basque.jpg\" alt=\"carenage bateau pays basque\" class=\"images_image\" \/><\/div><\/div><\/div><\/div><\/div><\/section>\n\n<section id=\"section-groupe910\"\" class=\"section bg-white\" \/><div class=\"container extralarge\"><div class=\"colonnes-wrap valign-middle \"><div class=\"element colonne degrade-blanc-droite\"><div class=\"element images\"><div class=\"image\"><img decoding=\"async\" src=\"https:\/\/www.mobydick-nautisme.com\/wp-content\/uploads\/2021\/06\/entretien-bateau-pays-basque-100x86.jpg\" data-src=\"https:\/\/www.mobydick-nautisme.com\/wp-content\/uploads\/2021\/06\/entretien-bateau-pays-basque.jpg\" alt=\"entretien bateau pays basque\" class=\"images_image\" \/><\/div><\/div><\/div><div class=\"element colonne \"><div class=\"element bloc-text justify \">\n\t<p>Podemos ocuparnos de su velero o barco a motor en su lugar, sacarlo del agua y asegurarlo en nuestra <strong class=\"bold color1\">cockpit<\/strong> equipada con una instalaci\u00f3n de recuperaci\u00f3n de aguas residuales y productos t\u00f3xicos, realizar su carenado, su antifouling, y devolverlo a su lugar, despu\u00e9s de ponerlo de nuevo en el agua.   <\/p>\n<p>Por \u00faltimo, suele ser una oportunidad para cambiar los \u00e1nodos, limpiar la h\u00e9lice, el eje de la h\u00e9lice, comprobar el sensor, la cerradura y llevar a cabo cualquier reparaci\u00f3n del gelcoat si es necesario. En Moby Dick, tambi\u00e9n ofrecemos la instalaci\u00f3n de nuevos equipos en su barco. <\/p>\n<\/div><\/div><\/div><\/div><\/section>\n\n<section id=\"section-60be22eb63bac\"\" class=\"section bg-color3\" \/><div class=\"container extralarge\"><div class=\"colonnes-wrap valign-middle \"><div class=\"element colonne \"><h2 class=\"element section-title left color1\">Invernar su barco en Hendaya<\/h2><div class=\"element bloc-text justify \">\n\t<p>Las condiciones climatol\u00f3gicas de nuestra hermosa regi\u00f3n, aunque son muy agradables durante todo el a\u00f1o, no son ideales durante todos los inviernos para el <strong class=\"bold color1\">mantenimiento de su embarcaci\u00f3n<\/strong>. En efecto, la humedad, el agua de lluvia, las r\u00e1fagas de viento, las heladas, pueden acentuar el desgaste de algunos <strong class=\"bold color1\">equipos de su embarcaci\u00f3n<\/strong>: velas, jarcia de labor, tapicer\u00eda exterior e interior, capota, bimini, dep\u00f3sitos de agua y combustible&#8230; <\/p>\n<p>Nos ofrecemos a organizar esta \u00ab<strong class=\"bold color1\">invernada<\/strong>\u00bb y \u00ab<strong class=\"bold color1\">desinvernada<\/strong>\u00bb para usted : <\/p>\n<ul>\n<li>retirada, aclarado y almacenamiento de sus velas, capota y bimini,<\/li>\n<li>limpieza, ventilaci\u00f3n y almacenamiento de sus guarniciones,<\/li>\n<li>dep\u00f3sitos de agua y combustible, jarcia firme,<\/li>\n<li>y volver a colocarlas en cuanto lleguen los d\u00edas soleados, seg\u00fan su programa de navegaci\u00f3n.<\/li>\n<\/ul>\n<p>P\u00f3ngase en contacto con el equipo de <a href=\"\/es\">Moby Dick en el Pa\u00eds Vasco<\/a> para conocer las diferentes f\u00f3rmulas que ofrecemos, o para sugerir la suya.<\/p>\n<\/div><\/div><div class=\"element colonne degrade-beige-gauche\"><div class=\"element images\"><div class=\"image\"><img decoding=\"async\" src=\"https:\/\/www.mobydick-nautisme.com\/wp-content\/uploads\/2021\/06\/hivernage-bateau-hendaye-100x85.jpg\" data-src=\"https:\/\/www.mobydick-nautisme.com\/wp-content\/uploads\/2021\/06\/hivernage-bateau-hendaye.jpg\" alt=\"hivernage bateau hendaye\" class=\"images_image\" \/><\/div><\/div><\/div><\/div><\/div><\/section>\n\n<section id=\"section-60be22eb63d6c\"\" class=\"section bg-color3\" \/><div class=\"container extralarge\"><div class=\"colonnes-wrap valign-middle \"><div class=\"element colonne degrade-beige-droite\"><div class=\"element images\"><div class=\"image\"><img decoding=\"async\" src=\"https:\/\/www.mobydick-nautisme.com\/wp-content\/uploads\/2021\/06\/entretien-moteur-bateau-hendaye-100x86.jpg\" data-src=\"https:\/\/www.mobydick-nautisme.com\/wp-content\/uploads\/2021\/06\/entretien-moteur-bateau-hendaye.jpg\" alt=\"entretien moteur bateau hendaye\" class=\"images_image\" \/><\/div><\/div><\/div><div class=\"element colonne \"><h2 class=\"element section-title left color1\">Revisi\u00f3n del motor en el Pa\u00eds Vasco<\/h2><div class=\"element bloc-text justify \">\n\t<p>El <strong class=\"bold color1\">mantenimiento del motor<\/strong> es una acci\u00f3n frecuente en los barcos. Con horas de navegaci\u00f3n, dep\u00f3sitos de sal, agua de mar constante, el sol; el motor es la parte m\u00e1s sensible de su barco. Si se estropea en mar abierto, puedes encontrarte r\u00e1pidamente en una situaci\u00f3n delicada o incluso peligrosa. Un motor mal mantenido puede funcionar de forma anormal:  <\/p>\n<ul>\n<li>consumo excesivo,<\/li>\n<li>fugas,<\/li>\n<li>malos olores,<\/li>\n<li>mal comienzo\u2026 <\/li>\n<\/ul>\n<p>Hasta el d\u00eda en que no funcione en absoluto.<\/p>\n<\/div><\/div><\/div><\/div><\/section>\n\n<section id=\"section-groupe18\"\" class=\"section bg-white\" \/><div class=\"container extralarge\"><div class=\"colonnes-wrap valign-middle \"><div class=\"element colonne \"><div class=\"element bloc-text justify \">\n\t<p>Para evitar que se degrade o se apriete, se recomienda un <strong class=\"bold color1\">mantenimiento regular<\/strong> a lo largo de la temporada y durante el invernaje.<br \/>\nLe ofrecemos la <strong class=\"bold color1\">revisi\u00f3n de su motor<\/strong>. : <\/p>\n<ul>\n<li>drenaje,<\/li>\n<li>cambio de aceite y filtros de gas\u00f3leo,<\/li>\n<li>prefiltro,<\/li>\n<li>empeller,<\/li>\n<li>cambio de los \u00e1nodos.<\/li>\n<\/ul>\n<p>Para garantizarle una gran temporada y una navegaci\u00f3n segura, tambi\u00e9n nos ocupamos de las<a href=\"\/reparation-bateau-hendaye\/\">reparaciones en su embarcaci\u00f3n<\/a>.<\/p>\n<p>P\u00f3ngase en contacto con nosotros para obtener m\u00e1s informaci\u00f3n.<\/p>\n<\/div><\/div><div class=\"element colonne degrade-blanc-gauche\"><div class=\"element images\"><div class=\"image\"><img decoding=\"async\" src=\"https:\/\/www.mobydick-nautisme.com\/wp-content\/uploads\/2021\/06\/bateau-entretien-hendaye-100x79.jpg\" data-src=\"https:\/\/www.mobydick-nautisme.com\/wp-content\/uploads\/2021\/06\/bateau-entretien-hendaye.jpg\" alt=\"bateau entretien hendaye\" class=\"images_image\" \/><\/div><\/div><\/div><\/div><\/div><\/section>\n\n<section id=\"section-60be22eb64157\"\" class=\"section bg-white\" \/><div class=\"container extralarge\"><div class=\"element section-title center title-underline\">Reparaci\u00f3n e instalaci\u00f3n de equipos en embarcaciones<\/div><div class=\"colonnes-wrap valign-top \"><div class=\"element colonne \"><div class=\"element call-to-action  call-to-action--style-1 call-to-action--big\"><a href=\"https:\/\/www.mobydick-nautisme.com\/es\/tecnicas-barco-hendaya\/\"  class=\"call-to-action_link\" title=\"M\u00e1s informaci\u00f3n t\u00e9cnica\"><div class=\"call-to-action_image\"><img decoding=\"async\" src=\"https:\/\/www.mobydick-nautisme.com\/wp-content\/uploads\/2021\/06\/service-technique-bateau-hendaye-100x24.jpg\" data-src=\"https:\/\/www.mobydick-nautisme.com\/wp-content\/uploads\/2021\/06\/service-technique-bateau-hendaye.jpg\" alt=\"\" class=\"big\" \/><\/div><div class=\"call-to-action_contenu\"><div class=\"call-to-action_titre\">T\u00e9cnica<\/div><\/div><\/a><\/div><\/div><div class=\"element colonne \"><div class=\"element call-to-action  call-to-action--style-1 call-to-action--big\"><a href=\"https:\/\/www.mobydick-nautisme.com\/es\/instalacion-equipo-barco-hendaya\/\"  class=\"call-to-action_link\" title=\"M\u00e1s informaci\u00f3n instalaci\u00f3n de equipos\"><div class=\"call-to-action_image\"><img decoding=\"async\" src=\"https:\/\/www.mobydick-nautisme.com\/wp-content\/uploads\/2021\/06\/equipements-bateau-hendaye-100x56.jpg\" data-src=\"https:\/\/www.mobydick-nautisme.com\/wp-content\/uploads\/2021\/06\/equipements-bateau-hendaye.jpg\" alt=\"equipements bateau hendaye\" class=\"big\" \/><\/div><div class=\"call-to-action_contenu\"><div class=\"call-to-action_titre\">Instalaci\u00f3n de equipos<\/div><\/div><\/a><\/div><\/div><div class=\"element colonne \"><div class=\"element call-to-action  call-to-action--style-1 call-to-action--big\"><a href=\"https:\/\/www.mobydick-nautisme.com\/es\/reparacion-barco-hendaye\/\"  class=\"call-to-action_link\" title=\"M\u00e1s informaci\u00f3n reparaciones\"><div class=\"call-to-action_image\"><img decoding=\"async\" src=\"https:\/\/www.mobydick-nautisme.com\/wp-content\/uploads\/2021\/06\/pays-basque-reparation-bateau-100x56.jpg\" data-src=\"https:\/\/www.mobydick-nautisme.com\/wp-content\/uploads\/2021\/06\/pays-basque-reparation-bateau.jpg\" alt=\"pays basque reparation bateau\" class=\"big\" \/><\/div><div class=\"call-to-action_contenu\"><div class=\"call-to-action_titre\">Reparaciones<\/div><\/div><\/a><\/div><\/div><\/div><\/div><\/section>","protected":false},"excerpt":{"rendered":"","protected":false},"author":1,"featured_media":1950,"parent":0,"menu_order":0,"comment_status":"closed","ping_status":"closed","template":"","meta":{"footnotes":""},"class_list":["post-1949","page","type-page","status-publish","has-post-thumbnail","hentry"],"acf":[],"yoast_head":"<!-- This site is optimized with the Yoast SEO plugin v23.4 - https:\/\/yoast.com\/wordpress\/plugins\/seo\/ -->\n<title>Mantenimiento de barcos en Hendaya | Mantenimiento de barcos en el Pa\u00eds Vasco (64)<\/title>\n<meta name=\"robots\" content=\"index, follow, max-snippet:-1, max-image-preview:large, max-video-preview:-1\" \/>\n<link rel=\"canonical\" href=\"https:\/\/www.mobydick-nautisme.com\/es\/mantenimiento-barco-hendaya\/\" \/>\n<meta property=\"og:locale\" content=\"es_ES\" \/>\n<meta property=\"og:type\" content=\"article\" \/>\n<meta property=\"og:title\" content=\"Mantenimiento de barcos en Hendaya | Mantenimiento de barcos en el Pa\u00eds Vasco (64)\" \/>\n<meta property=\"og:url\" content=\"https:\/\/www.mobydick-nautisme.com\/es\/mantenimiento-barco-hendaya\/\" \/>\n<meta property=\"og:site_name\" content=\"Moby Dick Nautisme\" \/>\n<meta property=\"article:modified_time\" content=\"2021-07-08T14:34:36+00:00\" \/>\n<meta property=\"og:image\" content=\"https:\/\/www.mobydick-nautisme.com\/wp-content\/uploads\/2021\/06\/entretien-bateaux-hendaye.jpg\" \/>\n\t<meta property=\"og:image:width\" content=\"1904\" \/>\n\t<meta property=\"og:image:height\" content=\"450\" \/>\n\t<meta property=\"og:image:type\" content=\"image\/jpeg\" \/>\n<meta name=\"twitter:card\" content=\"summary_large_image\" \/>\n<script type=\"application\/ld+json\" class=\"yoast-schema-graph\">{\"@context\":\"https:\/\/schema.org\",\"@graph\":[{\"@type\":\"WebPage\",\"@id\":\"https:\/\/www.mobydick-nautisme.com\/es\/mantenimiento-barco-hendaya\/\",\"url\":\"https:\/\/www.mobydick-nautisme.com\/es\/mantenimiento-barco-hendaya\/\",\"name\":\"Mantenimiento de barcos en Hendaya | Mantenimiento de barcos en el Pa\u00eds Vasco (64)\",\"isPartOf\":{\"@id\":\"https:\/\/www.mobydick-nautisme.com\/es\/#website\"},\"primaryImageOfPage\":{\"@id\":\"https:\/\/www.mobydick-nautisme.com\/es\/mantenimiento-barco-hendaya\/#primaryimage\"},\"image\":{\"@id\":\"https:\/\/www.mobydick-nautisme.com\/es\/mantenimiento-barco-hendaya\/#primaryimage\"},\"thumbnailUrl\":\"https:\/\/www.mobydick-nautisme.com\/wp-content\/uploads\/2021\/06\/entretien-bateaux-hendaye.jpg\",\"datePublished\":\"2021-05-14T09:15:49+00:00\",\"dateModified\":\"2021-07-08T14:34:36+00:00\",\"breadcrumb\":{\"@id\":\"https:\/\/www.mobydick-nautisme.com\/es\/mantenimiento-barco-hendaya\/#breadcrumb\"},\"inLanguage\":\"es\",\"potentialAction\":[{\"@type\":\"ReadAction\",\"target\":[\"https:\/\/www.mobydick-nautisme.com\/es\/mantenimiento-barco-hendaya\/\"]}]},{\"@type\":\"ImageObject\",\"inLanguage\":\"es\",\"@id\":\"https:\/\/www.mobydick-nautisme.com\/es\/mantenimiento-barco-hendaya\/#primaryimage\",\"url\":\"https:\/\/www.mobydick-nautisme.com\/wp-content\/uploads\/2021\/06\/entretien-bateaux-hendaye.jpg\",\"contentUrl\":\"https:\/\/www.mobydick-nautisme.com\/wp-content\/uploads\/2021\/06\/entretien-bateaux-hendaye.jpg\",\"width\":1904,\"height\":450},{\"@type\":\"BreadcrumbList\",\"@id\":\"https:\/\/www.mobydick-nautisme.com\/es\/mantenimiento-barco-hendaya\/#breadcrumb\",\"itemListElement\":[{\"@type\":\"ListItem\",\"position\":1,\"name\":\"Mobydick - Compra y alquiler de barcos\",\"item\":\"https:\/\/www.mobydick-nautisme.com\/es\/\"},{\"@type\":\"ListItem\",\"position\":2,\"name\":\"Mantenimiento de su Barco en Hendaya\"}]},{\"@type\":\"WebSite\",\"@id\":\"https:\/\/www.mobydick-nautisme.com\/es\/#website\",\"url\":\"https:\/\/www.mobydick-nautisme.com\/es\/\",\"name\":\"Moby Dick Nautisme\",\"description\":\"\",\"publisher\":{\"@id\":\"https:\/\/www.mobydick-nautisme.com\/es\/#organization\"},\"potentialAction\":[{\"@type\":\"SearchAction\",\"target\":{\"@type\":\"EntryPoint\",\"urlTemplate\":\"https:\/\/www.mobydick-nautisme.com\/es\/?s={search_term_string}\"},\"query-input\":{\"@type\":\"PropertyValueSpecification\",\"valueRequired\":true,\"valueName\":\"search_term_string\"}}],\"inLanguage\":\"es\"},{\"@type\":\"Organization\",\"@id\":\"https:\/\/www.mobydick-nautisme.com\/es\/#organization\",\"name\":\"Mobydick - Achat et location de bateaux\",\"url\":\"https:\/\/www.mobydick-nautisme.com\/es\/\",\"logo\":{\"@type\":\"ImageObject\",\"inLanguage\":\"es\",\"@id\":\"https:\/\/www.mobydick-nautisme.com\/es\/#\/schema\/logo\/image\/\",\"url\":\"https:\/\/www.mobydick-nautisme.com\/wp-content\/uploads\/2021\/06\/cropped-favicon.png\",\"contentUrl\":\"https:\/\/www.mobydick-nautisme.com\/wp-content\/uploads\/2021\/06\/cropped-favicon.png\",\"width\":512,\"height\":512,\"caption\":\"Mobydick - Achat et location de bateaux\"},\"image\":{\"@id\":\"https:\/\/www.mobydick-nautisme.com\/es\/#\/schema\/logo\/image\/\"}}]}<\/script>\n<!-- \/ Yoast SEO plugin. -->","yoast_head_json":{"title":"Mantenimiento de barcos en Hendaya | Mantenimiento de barcos en el Pa\u00eds Vasco (64)","robots":{"index":"index","follow":"follow","max-snippet":"max-snippet:-1","max-image-preview":"max-image-preview:large","max-video-preview":"max-video-preview:-1"},"canonical":"https:\/\/www.mobydick-nautisme.com\/es\/mantenimiento-barco-hendaya\/","og_locale":"es_ES","og_type":"article","og_title":"Mantenimiento de barcos en Hendaya | Mantenimiento de barcos en el Pa\u00eds Vasco (64)","og_url":"https:\/\/www.mobydick-nautisme.com\/es\/mantenimiento-barco-hendaya\/","og_site_name":"Moby Dick Nautisme","article_modified_time":"2021-07-08T14:34:36+00:00","og_image":[{"width":1904,"height":450,"url":"https:\/\/www.mobydick-nautisme.com\/wp-content\/uploads\/2021\/06\/entretien-bateaux-hendaye.jpg","type":"image\/jpeg"}],"twitter_card":"summary_large_image","schema":{"@context":"https:\/\/schema.org","@graph":[{"@type":"WebPage","@id":"https:\/\/www.mobydick-nautisme.com\/es\/mantenimiento-barco-hendaya\/","url":"https:\/\/www.mobydick-nautisme.com\/es\/mantenimiento-barco-hendaya\/","name":"Mantenimiento de barcos en Hendaya | Mantenimiento de barcos en el Pa\u00eds Vasco (64)","isPartOf":{"@id":"https:\/\/www.mobydick-nautisme.com\/es\/#website"},"primaryImageOfPage":{"@id":"https:\/\/www.mobydick-nautisme.com\/es\/mantenimiento-barco-hendaya\/#primaryimage"},"image":{"@id":"https:\/\/www.mobydick-nautisme.com\/es\/mantenimiento-barco-hendaya\/#primaryimage"},"thumbnailUrl":"https:\/\/www.mobydick-nautisme.com\/wp-content\/uploads\/2021\/06\/entretien-bateaux-hendaye.jpg","datePublished":"2021-05-14T09:15:49+00:00","dateModified":"2021-07-08T14:34:36+00:00","breadcrumb":{"@id":"https:\/\/www.mobydick-nautisme.com\/es\/mantenimiento-barco-hendaya\/#breadcrumb"},"inLanguage":"es","potentialAction":[{"@type":"ReadAction","target":["https:\/\/www.mobydick-nautisme.com\/es\/mantenimiento-barco-hendaya\/"]}]},{"@type":"ImageObject","inLanguage":"es","@id":"https:\/\/www.mobydick-nautisme.com\/es\/mantenimiento-barco-hendaya\/#primaryimage","url":"https:\/\/www.mobydick-nautisme.com\/wp-content\/uploads\/2021\/06\/entretien-bateaux-hendaye.jpg","contentUrl":"https:\/\/www.mobydick-nautisme.com\/wp-content\/uploads\/2021\/06\/entretien-bateaux-hendaye.jpg","width":1904,"height":450},{"@type":"BreadcrumbList","@id":"https:\/\/www.mobydick-nautisme.com\/es\/mantenimiento-barco-hendaya\/#breadcrumb","itemListElement":[{"@type":"ListItem","position":1,"name":"Mobydick - Compra y alquiler de barcos","item":"https:\/\/www.mobydick-nautisme.com\/es\/"},{"@type":"ListItem","position":2,"name":"Mantenimiento de su Barco en Hendaya"}]},{"@type":"WebSite","@id":"https:\/\/www.mobydick-nautisme.com\/es\/#website","url":"https:\/\/www.mobydick-nautisme.com\/es\/","name":"Moby Dick Nautisme","description":"","publisher":{"@id":"https:\/\/www.mobydick-nautisme.com\/es\/#organization"},"potentialAction":[{"@type":"SearchAction","target":{"@type":"EntryPoint","urlTemplate":"https:\/\/www.mobydick-nautisme.com\/es\/?s={search_term_string}"},"query-input":{"@type":"PropertyValueSpecification","valueRequired":true,"valueName":"search_term_string"}}],"inLanguage":"es"},{"@type":"Organization","@id":"https:\/\/www.mobydick-nautisme.com\/es\/#organization","name":"Mobydick - Achat et location de bateaux","url":"https:\/\/www.mobydick-nautisme.com\/es\/","logo":{"@type":"ImageObject","inLanguage":"es","@id":"https:\/\/www.mobydick-nautisme.com\/es\/#\/schema\/logo\/image\/","url":"https:\/\/www.mobydick-nautisme.com\/wp-content\/uploads\/2021\/06\/cropped-favicon.png","contentUrl":"https:\/\/www.mobydick-nautisme.com\/wp-content\/uploads\/2021\/06\/cropped-favicon.png","width":512,"height":512,"caption":"Mobydick - Achat et location de bateaux"},"image":{"@id":"https:\/\/www.mobydick-nautisme.com\/es\/#\/schema\/logo\/image\/"}}]}},"_links":{"self":[{"href":"https:\/\/www.mobydick-nautisme.com\/es\/wp-json\/wp\/v2\/pages\/1949","targetHints":{"allow":["GET"]}}],"collection":[{"href":"https:\/\/www.mobydick-nautisme.com\/es\/wp-json\/wp\/v2\/pages"}],"about":[{"href":"https:\/\/www.mobydick-nautisme.com\/es\/wp-json\/wp\/v2\/types\/page"}],"author":[{"embeddable":true,"href":"https:\/\/www.mobydick-nautisme.com\/es\/wp-json\/wp\/v2\/users\/1"}],"replies":[{"embeddable":true,"href":"https:\/\/www.mobydick-nautisme.com\/es\/wp-json\/wp\/v2\/comments?post=1949"}],"version-history":[{"count":10,"href":"https:\/\/www.mobydick-nautisme.com\/es\/wp-json\/wp\/v2\/pages\/1949\/revisions"}],"predecessor-version":[{"id":2387,"href":"https:\/\/www.mobydick-nautisme.com\/es\/wp-json\/wp\/v2\/pages\/1949\/revisions\/2387"}],"wp:featuredmedia":[{"embeddable":true,"href":"https:\/\/www.mobydick-nautisme.com\/es\/wp-json\/wp\/v2\/media\/1950"}],"wp:attachment":[{"href":"https:\/\/www.mobydick-nautisme.com\/es\/wp-json\/wp\/v2\/media?parent=1949"}],"curies":[{"name":"wp","href":"https:\/\/api.w.org\/{rel}","templated":true}]}}