{"id":2014,"date":"2021-06-08T11:06:58","date_gmt":"2021-06-08T09:06:58","guid":{"rendered":"https:\/\/www.mobydick-nautisme.com\/reparation-bateau-hendaye\/"},"modified":"2021-07-02T11:20:27","modified_gmt":"2021-07-02T09:20:27","slug":"reparacion-barco-hendaye","status":"publish","type":"page","link":"https:\/\/www.mobydick-nautisme.com\/es\/reparacion-barco-hendaye\/","title":{"rendered":"R\u00e9paration"},"content":{"rendered":"<section id=\"section-60be22eb63973\"\" class=\"section bg-white\" \/><div class=\"container extralarge\"><div class=\"colonnes-wrap valign-middle \"><div class=\"element colonne \"><h1 class=\"element section-title left color1\">Repare su barco en Hendaya<\/h1><h2 class=\"element section-title justify color1 m-t-4\">Reparaci\u00f3n de barcos en Hendaya<\/h2><div class=\"element bloc-text justify \">\n\t<p>Moby Dick pone a su disposici\u00f3n su <strong class=\"bold color1\">equipo de profesionales<\/strong> y sus medios t\u00e9cnicos y materiales para asegurar el mantenimiento y seguimiento de su embarcaci\u00f3n. <\/p>\n<p>Cualquiera que sea el puerto de origen de su barco en el Pa\u00eds Vasco, el sur de las Landas, estamos en condiciones de ofrecerle el <strong class=\"bold color1\">mantenimiento de su barco<\/strong> y de intervenir para la <strong class=\"bold color1\">reparaci\u00f3n<\/strong> del mismo. Mantenemos tanto su embarcaci\u00f3n nueva o usada de nuestro concesionario como embarcaciones de otros lugares. <\/p>\n<\/div><\/div><div class=\"element colonne degrade-blanc-gauche\"><div class=\"element images\"><div class=\"image\"><img decoding=\"async\" src=\"https:\/\/www.mobydick-nautisme.com\/wp-content\/uploads\/2021\/06\/reparation-bateau-pays-basque-1-100x86.jpg\" data-src=\"https:\/\/www.mobydick-nautisme.com\/wp-content\/uploads\/2021\/06\/reparation-bateau-pays-basque-1.jpg\" alt=\"reparation bateau pays basque\" class=\"images_image\" \/><\/div><\/div><\/div><\/div><\/div><\/section>\n\n<section id=\"section-60be22eb63bac\"\" class=\"section bg-white\" \/><div class=\"container extralarge\"><div class=\"colonnes-wrap valign-middle \"><div class=\"element colonne degrade-blanc-droite\"><div class=\"element images\"><div class=\"image\"><img decoding=\"async\" src=\"https:\/\/www.mobydick-nautisme.com\/wp-content\/uploads\/2021\/06\/hendaye-reparation-bateau-100x86.jpg\" data-src=\"https:\/\/www.mobydick-nautisme.com\/wp-content\/uploads\/2021\/06\/hendaye-reparation-bateau.jpg\" alt=\"hendaye reparation bateau\" class=\"images_image\" \/><\/div><\/div><\/div><div class=\"element colonne \"><h2 class=\"element section-title left color1\">Mantenimiento de barcos en el Pa\u00eds Vasco<\/h2><div class=\"element bloc-text justify \">\n\t<ul>\n<li>Gr\u00faas, guardias en la plataforma, capullos, \u2026<\/li>\n<li>Carenado, antifouling, \u2026<\/li>\n<li>Instalaci\u00f3n de calefacci\u00f3n, cubierta de teca, p\u00f3rtico de acero inoxidable, \u2026<\/li>\n<li>Pinturas para el casco y la cubierta, \u2026<\/li>\n<li>Cambio de aceite del motor, revisi\u00f3n de aparejos y accesorios, \u2026<\/li>\n<li>H\u00e9lice de proa, electr\u00f3nica, electricidad, \u2026<\/li>\n<li>Instalaci\u00f3n de equipos espec\u00edficos, accesorios de cubierta y de cabina, \u2026<\/li>\n<li>Fabricaci\u00f3n e instalaci\u00f3n de piezas de acero inoxidable, \u2026<\/li>\n<li>Trabajos de poli\u00e9ster, ebanister\u00eda, reformas, \u2026<\/li>\n<\/ul>\n<\/div><\/div><\/div><\/div><\/section>\n\n<section id=\"section-60be22eb63d6c\"\" class=\"section bg-color3\" \/><div class=\"container extralarge\"><div class=\"colonnes-wrap valign-middle \"><div class=\"element colonne \"><h2 class=\"element section-title left color1\">Nuestros otros servicios de mantenimiento de embarcaciones<\/h2><div class=\"element bloc-text justify \">\n\t<ul>\n<li>Una <strong class=\"bold color1\">presencia permanente<\/strong> en el puerto de Hendaya para vigilar su barco.<\/li>\n<li>Un <strong class=\"bold color1\">equipo de t\u00e9cnicos vers\u00e1tiles y disponibles<\/strong>, todos marineros, para cuidar de su barco.<\/li>\n<li>Un responsable t\u00e9cnico, un patr\u00f3n profesional muy experimentado, para aconsejarle en sus elecciones y estudiar con usted la <strong class=\"bold color1\">realizaci\u00f3n de sus proyectos<\/strong>.<\/li>\n<li>Algunos <strong class=\"bold color1\">trabajan s\u00f3lo con presupuesto<\/strong> (con su acuerdo)..<\/li>\n<li>Una <strong class=\"bold color1\">vigilancia constante<\/strong> sobre la evoluci\u00f3n de los equipos, su instalaci\u00f3n, su uso.<\/li>\n<\/ul>\n<p>En <a href=\"\/es\">Moby Dick en Hendaya<\/a>, intervenimos o hemos intervenido todos los oficios que intervienen en la <strong class=\"bold color1\">construcci\u00f3n naval<\/strong> a petici\u00f3n suya. Descubra tambi\u00e9n las nuevas instalaciones de equipamiento para barcos. <\/p>\n<\/div><\/div><div class=\"element colonne degrade-beige-gauche\"><div class=\"element images\"><div class=\"image\"><img decoding=\"async\" src=\"https:\/\/www.mobydick-nautisme.com\/wp-content\/uploads\/2021\/06\/maintenance-bateau-hendaye-100x86.jpg\" data-src=\"https:\/\/www.mobydick-nautisme.com\/wp-content\/uploads\/2021\/06\/maintenance-bateau-hendaye.jpg\" alt=\"maintenance bateau hendaye\" class=\"images_image\" \/><\/div><\/div><\/div><\/div><\/div><\/section>\n\n<section id=\"section-60be22eb64157\"\" class=\"section bg-white\" \/><div class=\"container extralarge\"><div class=\"element section-title center title-underline\">L&#8217;installation d&#8217;\u00e9quipements et l&#8217;entretien des bateaux<\/div><div class=\"colonnes-wrap valign-top \"><div class=\"element colonne \"><div class=\"element call-to-action  call-to-action--style-1 call-to-action--big\"><a href=\"https:\/\/www.mobydick-nautisme.com\/es\/mantenimiento-barco-hendaya\/\"  class=\"call-to-action_link\" title=\"M\u00e1s informaci\u00f3n mantenimiento\"><div class=\"call-to-action_image\"><img decoding=\"async\" src=\"https:\/\/www.mobydick-nautisme.com\/wp-content\/uploads\/2021\/06\/entretien-bateau-hendaye-100x56.jpg\" data-src=\"https:\/\/www.mobydick-nautisme.com\/wp-content\/uploads\/2021\/06\/entretien-bateau-hendaye.jpg\" alt=\"entretien bateau hendaye\" class=\"big\" \/><\/div><div class=\"call-to-action_contenu\"><div class=\"call-to-action_titre\">Mantenimiento<\/div><\/div><\/a><\/div><\/div><div class=\"element colonne \"><li class=\"element call-to-action  call-to-action--style-1 call-to-action--big\"><a href=\"https:\/\/www.mobydick-nautisme.com\/es\/mantenimiento-barco-hendaya\/\"  class=\"call-to-action_link\" title=\"M\u00e1s informaci\u00f3n mantenimiento\"><div class=\"call-to-action_image\"><img decoding=\"async\" src=\"https:\/\/www.mobydick-nautisme.com\/wp-content\/uploads\/2021\/06\/entretien-bateaux-hendaye-100x24.jpg\" data-src=\"https:\/\/www.mobydick-nautisme.com\/wp-content\/uploads\/2021\/06\/entretien-bateaux-hendaye.jpg\" alt=\"\" class=\"big\" \/><\/div><div class=\"call-to-action_contenu\"><div class=\"call-to-action_titre\">Mantenimiento<\/div><\/div><\/a><\/li><\/div><div class=\"element colonne \"><div class=\"element call-to-action  call-to-action--style-1 call-to-action--big\"><a href=\"https:\/\/www.mobydick-nautisme.com\/es\/instalacion-equipo-barco-hendaya\/\"  class=\"call-to-action_link\" title=\"M\u00e1s informaci\u00f3n instalaci\u00f3n de equipos\"><div class=\"call-to-action_image\"><img decoding=\"async\" src=\"https:\/\/www.mobydick-nautisme.com\/wp-content\/uploads\/2021\/06\/equipements-bateau-hendaye-100x56.jpg\" data-src=\"https:\/\/www.mobydick-nautisme.com\/wp-content\/uploads\/2021\/06\/equipements-bateau-hendaye.jpg\" alt=\"equipements bateau hendaye\" class=\"big\" \/><\/div><div class=\"call-to-action_contenu\"><div class=\"call-to-action_titre\">Instalaci\u00f3n de equipos<\/div><\/div><\/a><\/div><\/div><\/div><\/div><\/section>","protected":false},"excerpt":{"rendered":"","protected":false},"author":1,"featured_media":2015,"parent":0,"menu_order":0,"comment_status":"closed","ping_status":"closed","template":"","meta":{"footnotes":""},"class_list":["post-2014","page","type-page","status-publish","has-post-thumbnail","hentry"],"acf":[],"yoast_head":"<!-- This site is optimized with the Yoast SEO plugin v23.4 - https:\/\/yoast.com\/wordpress\/plugins\/seo\/ -->\n<title>Reparaci\u00f3n de barcos en Hendaya | Reparaci\u00f3n de barcos en el Pa\u00eds Vasco (64)<\/title>\n<meta name=\"robots\" content=\"index, follow, max-snippet:-1, max-image-preview:large, max-video-preview:-1\" \/>\n<link rel=\"canonical\" href=\"https:\/\/www.mobydick-nautisme.com\/es\/reparacion-barco-hendaye\/\" \/>\n<meta property=\"og:locale\" content=\"es_ES\" \/>\n<meta property=\"og:type\" content=\"article\" \/>\n<meta property=\"og:title\" content=\"Reparaci\u00f3n de barcos en Hendaya | Reparaci\u00f3n de barcos en el Pa\u00eds Vasco (64)\" \/>\n<meta property=\"og:url\" content=\"https:\/\/www.mobydick-nautisme.com\/es\/reparacion-barco-hendaye\/\" \/>\n<meta property=\"og:site_name\" content=\"Moby Dick Nautisme\" \/>\n<meta property=\"article:modified_time\" content=\"2021-07-02T09:20:27+00:00\" \/>\n<meta property=\"og:image\" content=\"https:\/\/www.mobydick-nautisme.com\/wp-content\/uploads\/2021\/06\/reparation-bateau-pays-basque.jpg\" \/>\n\t<meta property=\"og:image:width\" content=\"1903\" \/>\n\t<meta property=\"og:image:height\" content=\"450\" \/>\n\t<meta property=\"og:image:type\" content=\"image\/jpeg\" \/>\n<meta name=\"twitter:card\" content=\"summary_large_image\" \/>\n<script type=\"application\/ld+json\" class=\"yoast-schema-graph\">{\"@context\":\"https:\/\/schema.org\",\"@graph\":[{\"@type\":\"WebPage\",\"@id\":\"https:\/\/www.mobydick-nautisme.com\/es\/reparacion-barco-hendaye\/\",\"url\":\"https:\/\/www.mobydick-nautisme.com\/es\/reparacion-barco-hendaye\/\",\"name\":\"Reparaci\u00f3n de barcos en Hendaya | Reparaci\u00f3n de barcos en el Pa\u00eds Vasco (64)\",\"isPartOf\":{\"@id\":\"https:\/\/www.mobydick-nautisme.com\/es\/#website\"},\"primaryImageOfPage\":{\"@id\":\"https:\/\/www.mobydick-nautisme.com\/es\/reparacion-barco-hendaye\/#primaryimage\"},\"image\":{\"@id\":\"https:\/\/www.mobydick-nautisme.com\/es\/reparacion-barco-hendaye\/#primaryimage\"},\"thumbnailUrl\":\"https:\/\/www.mobydick-nautisme.com\/wp-content\/uploads\/2021\/06\/reparation-bateau-pays-basque.jpg\",\"datePublished\":\"2021-06-08T09:06:58+00:00\",\"dateModified\":\"2021-07-02T09:20:27+00:00\",\"breadcrumb\":{\"@id\":\"https:\/\/www.mobydick-nautisme.com\/es\/reparacion-barco-hendaye\/#breadcrumb\"},\"inLanguage\":\"es\",\"potentialAction\":[{\"@type\":\"ReadAction\",\"target\":[\"https:\/\/www.mobydick-nautisme.com\/es\/reparacion-barco-hendaye\/\"]}]},{\"@type\":\"ImageObject\",\"inLanguage\":\"es\",\"@id\":\"https:\/\/www.mobydick-nautisme.com\/es\/reparacion-barco-hendaye\/#primaryimage\",\"url\":\"https:\/\/www.mobydick-nautisme.com\/wp-content\/uploads\/2021\/06\/reparation-bateau-pays-basque.jpg\",\"contentUrl\":\"https:\/\/www.mobydick-nautisme.com\/wp-content\/uploads\/2021\/06\/reparation-bateau-pays-basque.jpg\",\"width\":1903,\"height\":450},{\"@type\":\"BreadcrumbList\",\"@id\":\"https:\/\/www.mobydick-nautisme.com\/es\/reparacion-barco-hendaye\/#breadcrumb\",\"itemListElement\":[{\"@type\":\"ListItem\",\"position\":1,\"name\":\"Mobydick - Compra y alquiler de barcos\",\"item\":\"https:\/\/www.mobydick-nautisme.com\/es\/\"},{\"@type\":\"ListItem\",\"position\":2,\"name\":\"Reparaci\u00f3n de barcos en el Pa\u00eds Vasco\"}]},{\"@type\":\"WebSite\",\"@id\":\"https:\/\/www.mobydick-nautisme.com\/es\/#website\",\"url\":\"https:\/\/www.mobydick-nautisme.com\/es\/\",\"name\":\"Moby Dick Nautisme\",\"description\":\"\",\"publisher\":{\"@id\":\"https:\/\/www.mobydick-nautisme.com\/es\/#organization\"},\"potentialAction\":[{\"@type\":\"SearchAction\",\"target\":{\"@type\":\"EntryPoint\",\"urlTemplate\":\"https:\/\/www.mobydick-nautisme.com\/es\/?s={search_term_string}\"},\"query-input\":{\"@type\":\"PropertyValueSpecification\",\"valueRequired\":true,\"valueName\":\"search_term_string\"}}],\"inLanguage\":\"es\"},{\"@type\":\"Organization\",\"@id\":\"https:\/\/www.mobydick-nautisme.com\/es\/#organization\",\"name\":\"Mobydick - Achat et location de bateaux\",\"url\":\"https:\/\/www.mobydick-nautisme.com\/es\/\",\"logo\":{\"@type\":\"ImageObject\",\"inLanguage\":\"es\",\"@id\":\"https:\/\/www.mobydick-nautisme.com\/es\/#\/schema\/logo\/image\/\",\"url\":\"https:\/\/www.mobydick-nautisme.com\/wp-content\/uploads\/2021\/06\/cropped-favicon.png\",\"contentUrl\":\"https:\/\/www.mobydick-nautisme.com\/wp-content\/uploads\/2021\/06\/cropped-favicon.png\",\"width\":512,\"height\":512,\"caption\":\"Mobydick - Achat et location de bateaux\"},\"image\":{\"@id\":\"https:\/\/www.mobydick-nautisme.com\/es\/#\/schema\/logo\/image\/\"}}]}<\/script>\n<!-- \/ Yoast SEO plugin. -->","yoast_head_json":{"title":"Reparaci\u00f3n de barcos en Hendaya | Reparaci\u00f3n de barcos en el Pa\u00eds Vasco (64)","robots":{"index":"index","follow":"follow","max-snippet":"max-snippet:-1","max-image-preview":"max-image-preview:large","max-video-preview":"max-video-preview:-1"},"canonical":"https:\/\/www.mobydick-nautisme.com\/es\/reparacion-barco-hendaye\/","og_locale":"es_ES","og_type":"article","og_title":"Reparaci\u00f3n de barcos en Hendaya | Reparaci\u00f3n de barcos en el Pa\u00eds Vasco (64)","og_url":"https:\/\/www.mobydick-nautisme.com\/es\/reparacion-barco-hendaye\/","og_site_name":"Moby Dick Nautisme","article_modified_time":"2021-07-02T09:20:27+00:00","og_image":[{"width":1903,"height":450,"url":"https:\/\/www.mobydick-nautisme.com\/wp-content\/uploads\/2021\/06\/reparation-bateau-pays-basque.jpg","type":"image\/jpeg"}],"twitter_card":"summary_large_image","schema":{"@context":"https:\/\/schema.org","@graph":[{"@type":"WebPage","@id":"https:\/\/www.mobydick-nautisme.com\/es\/reparacion-barco-hendaye\/","url":"https:\/\/www.mobydick-nautisme.com\/es\/reparacion-barco-hendaye\/","name":"Reparaci\u00f3n de barcos en Hendaya | Reparaci\u00f3n de barcos en el Pa\u00eds Vasco (64)","isPartOf":{"@id":"https:\/\/www.mobydick-nautisme.com\/es\/#website"},"primaryImageOfPage":{"@id":"https:\/\/www.mobydick-nautisme.com\/es\/reparacion-barco-hendaye\/#primaryimage"},"image":{"@id":"https:\/\/www.mobydick-nautisme.com\/es\/reparacion-barco-hendaye\/#primaryimage"},"thumbnailUrl":"https:\/\/www.mobydick-nautisme.com\/wp-content\/uploads\/2021\/06\/reparation-bateau-pays-basque.jpg","datePublished":"2021-06-08T09:06:58+00:00","dateModified":"2021-07-02T09:20:27+00:00","breadcrumb":{"@id":"https:\/\/www.mobydick-nautisme.com\/es\/reparacion-barco-hendaye\/#breadcrumb"},"inLanguage":"es","potentialAction":[{"@type":"ReadAction","target":["https:\/\/www.mobydick-nautisme.com\/es\/reparacion-barco-hendaye\/"]}]},{"@type":"ImageObject","inLanguage":"es","@id":"https:\/\/www.mobydick-nautisme.com\/es\/reparacion-barco-hendaye\/#primaryimage","url":"https:\/\/www.mobydick-nautisme.com\/wp-content\/uploads\/2021\/06\/reparation-bateau-pays-basque.jpg","contentUrl":"https:\/\/www.mobydick-nautisme.com\/wp-content\/uploads\/2021\/06\/reparation-bateau-pays-basque.jpg","width":1903,"height":450},{"@type":"BreadcrumbList","@id":"https:\/\/www.mobydick-nautisme.com\/es\/reparacion-barco-hendaye\/#breadcrumb","itemListElement":[{"@type":"ListItem","position":1,"name":"Mobydick - Compra y alquiler de barcos","item":"https:\/\/www.mobydick-nautisme.com\/es\/"},{"@type":"ListItem","position":2,"name":"Reparaci\u00f3n de barcos en el Pa\u00eds Vasco"}]},{"@type":"WebSite","@id":"https:\/\/www.mobydick-nautisme.com\/es\/#website","url":"https:\/\/www.mobydick-nautisme.com\/es\/","name":"Moby Dick Nautisme","description":"","publisher":{"@id":"https:\/\/www.mobydick-nautisme.com\/es\/#organization"},"potentialAction":[{"@type":"SearchAction","target":{"@type":"EntryPoint","urlTemplate":"https:\/\/www.mobydick-nautisme.com\/es\/?s={search_term_string}"},"query-input":{"@type":"PropertyValueSpecification","valueRequired":true,"valueName":"search_term_string"}}],"inLanguage":"es"},{"@type":"Organization","@id":"https:\/\/www.mobydick-nautisme.com\/es\/#organization","name":"Mobydick - Achat et location de bateaux","url":"https:\/\/www.mobydick-nautisme.com\/es\/","logo":{"@type":"ImageObject","inLanguage":"es","@id":"https:\/\/www.mobydick-nautisme.com\/es\/#\/schema\/logo\/image\/","url":"https:\/\/www.mobydick-nautisme.com\/wp-content\/uploads\/2021\/06\/cropped-favicon.png","contentUrl":"https:\/\/www.mobydick-nautisme.com\/wp-content\/uploads\/2021\/06\/cropped-favicon.png","width":512,"height":512,"caption":"Mobydick - Achat et location de bateaux"},"image":{"@id":"https:\/\/www.mobydick-nautisme.com\/es\/#\/schema\/logo\/image\/"}}]}},"_links":{"self":[{"href":"https:\/\/www.mobydick-nautisme.com\/es\/wp-json\/wp\/v2\/pages\/2014","targetHints":{"allow":["GET"]}}],"collection":[{"href":"https:\/\/www.mobydick-nautisme.com\/es\/wp-json\/wp\/v2\/pages"}],"about":[{"href":"https:\/\/www.mobydick-nautisme.com\/es\/wp-json\/wp\/v2\/types\/page"}],"author":[{"embeddable":true,"href":"https:\/\/www.mobydick-nautisme.com\/es\/wp-json\/wp\/v2\/users\/1"}],"replies":[{"embeddable":true,"href":"https:\/\/www.mobydick-nautisme.com\/es\/wp-json\/wp\/v2\/comments?post=2014"}],"version-history":[{"count":10,"href":"https:\/\/www.mobydick-nautisme.com\/es\/wp-json\/wp\/v2\/pages\/2014\/revisions"}],"predecessor-version":[{"id":2103,"href":"https:\/\/www.mobydick-nautisme.com\/es\/wp-json\/wp\/v2\/pages\/2014\/revisions\/2103"}],"wp:featuredmedia":[{"embeddable":true,"href":"https:\/\/www.mobydick-nautisme.com\/es\/wp-json\/wp\/v2\/media\/2015"}],"wp:attachment":[{"href":"https:\/\/www.mobydick-nautisme.com\/es\/wp-json\/wp\/v2\/media?parent=2014"}],"curies":[{"name":"wp","href":"https:\/\/api.w.org\/{rel}","templated":true}]}}