{"id":2034,"date":"2021-05-14T11:15:23","date_gmt":"2021-05-14T09:15:23","guid":{"rendered":"https:\/\/www.mobydick-nautisme.com\/techniques-bateau-hendaye\/"},"modified":"2021-07-02T11:20:58","modified_gmt":"2021-07-02T09:20:58","slug":"tecnicas-barco-hendaya","status":"publish","type":"page","link":"https:\/\/www.mobydick-nautisme.com\/es\/tecnicas-barco-hendaya\/","title":{"rendered":"Technique"},"content":{"rendered":"<section id=\"section-60be22eb63973\"\" class=\"section bg-white\" \/><div class=\"container extralarge\"><div class=\"colonnes-wrap valign-middle \"><div class=\"element colonne \"><h1 class=\"element section-title justify color1\">Mantenimiento de barcos en Hendaya<\/h1><h2 class=\"element section-title justify color1 m-t-4\">Nuestro servicio t\u00e9cnico en el Pa\u00eds Vasco<\/h2><div class=\"element bloc-text justify \">\n\t<p>En <a href=\"\/es\">Moby Dick en Hendaya<\/a>, la diversidad de nuestras competencias como marineros, t\u00e9cnicos y formadores nos permite ofrecerle toda una gama de <strong class=\"bold color1\">servicios<\/strong> para sus proyectos y deseos : <\/p>\n<ul>\n<li>Equipamiento de su embarcaci\u00f3n e instalaci\u00f3n de equipos,<\/li>\n<li>entrenar a usted,<\/li>\n<li>salir al mar con nuestros patrones profesionales,<\/li>\n<li>preparar un crucero o un viaje,<\/li>\n<li>encuentre respuestas a sus preguntas,<\/li>\n<li>gestionar el mantenimiento de su embarcaci\u00f3n,<\/li>\n<li>encargarse de las reparaciones de su barco\u2026<\/li>\n<\/ul>\n<\/div><\/div><div class=\"element colonne degrade-blanc-gauche\"><div class=\"element images\"><div class=\"image\"><img decoding=\"async\" src=\"https:\/\/www.mobydick-nautisme.com\/wp-content\/uploads\/2021\/06\/pays-basque-service-technique-bateaux-100x86.jpg\" data-src=\"https:\/\/www.mobydick-nautisme.com\/wp-content\/uploads\/2021\/06\/pays-basque-service-technique-bateaux.jpg\" alt=\"pays basque service technique bateaux\" class=\"images_image\" \/><\/div><\/div><\/div><\/div><\/div><\/section>\n\n<section id=\"section-60be22eb63bac\"\" class=\"section bg-white\" \/><div class=\"container extralarge\"><div class=\"colonnes-wrap valign-middle \"><div class=\"element colonne degrade-blanc-droite\"><div class=\"element images\"><div class=\"image\"><img decoding=\"async\" src=\"https:\/\/www.mobydick-nautisme.com\/wp-content\/uploads\/2021\/06\/hendaye-service-technique-bateaux-100x86.jpg\" data-src=\"https:\/\/www.mobydick-nautisme.com\/wp-content\/uploads\/2021\/06\/hendaye-service-technique-bateaux.jpg\" alt=\"hendaye service technique bateaux\" class=\"images_image\" \/><\/div><\/div><\/div><div class=\"element colonne \"><h2 class=\"element section-title justify color1\">Descubra nuestra gama de barcos<\/h2><div class=\"element bloc-text justify \">\n\t<p>No dude en ponerse en contacto con nosotros, haremos todo lo posible para satisfacerle.<\/p>\n<p>Vea tambi\u00e9n nuestras listas de :<\/p>\n<ul>\n<li>Barcos usados.<\/li>\n<li>Barcos nuevos.<\/li>\n<li>Alquiler de barcos.<\/li>\n<\/ul>\n<\/div><\/div><\/div><\/div><\/section>\n\n<section id=\"section-60be22eb64157\"\" class=\"section bg-white\" \/><div class=\"container extralarge\"><div class=\"element section-title center title-underline\">Mantenimiento y reparaci\u00f3n de embarcaciones<\/div><div class=\"colonnes-wrap valign-top \"><div class=\"element colonne \"><div class=\"element call-to-action  call-to-action--style-1 call-to-action--big\"><a href=\"https:\/\/www.mobydick-nautisme.com\/es\/mantenimiento-barco-hendaya\/\"  class=\"call-to-action_link\" title=\"M\u00e1s informaci\u00f3n mantenimiento\"><div class=\"call-to-action_image\"><img decoding=\"async\" src=\"https:\/\/www.mobydick-nautisme.com\/wp-content\/uploads\/2021\/06\/entretien-bateau-hendaye-100x56.jpg\" data-src=\"https:\/\/www.mobydick-nautisme.com\/wp-content\/uploads\/2021\/06\/entretien-bateau-hendaye.jpg\" alt=\"entretien bateau hendaye\" class=\"big\" \/><\/div><div class=\"call-to-action_contenu\"><div class=\"call-to-action_titre\">Mantenimiento<\/div><\/div><\/a><\/div><\/div><div class=\"element colonne \"><div class=\"element call-to-action  call-to-action--style-1 call-to-action--big\"><a href=\"https:\/\/www.mobydick-nautisme.com\/es\/instalacion-equipo-barco-hendaya\/\"  class=\"call-to-action_link\" title=\"M\u00e1s informaci\u00f3n instalaci\u00f3n de equipos\"><div class=\"call-to-action_image\"><img decoding=\"async\" src=\"https:\/\/www.mobydick-nautisme.com\/wp-content\/uploads\/2021\/06\/equipements-bateau-hendaye-100x56.jpg\" data-src=\"https:\/\/www.mobydick-nautisme.com\/wp-content\/uploads\/2021\/06\/equipements-bateau-hendaye.jpg\" alt=\"equipements bateau hendaye\" class=\"big\" \/><\/div><div class=\"call-to-action_contenu\"><div class=\"call-to-action_titre\">Instalaci\u00f3n de equipos<\/div><\/div><\/a><\/div><\/div><div class=\"element colonne \"><div class=\"element call-to-action  call-to-action--style-1 call-to-action--big\"><a href=\"https:\/\/www.mobydick-nautisme.com\/es\/reparacion-barco-hendaye\/\"  class=\"call-to-action_link\" title=\"M\u00e1s informaci\u00f3n reparaci\u00f3n\"><div class=\"call-to-action_image\"><img decoding=\"async\" src=\"https:\/\/www.mobydick-nautisme.com\/wp-content\/uploads\/2021\/06\/pays-basque-reparation-bateau-100x56.jpg\" data-src=\"https:\/\/www.mobydick-nautisme.com\/wp-content\/uploads\/2021\/06\/pays-basque-reparation-bateau.jpg\" alt=\"pays basque reparation bateau\" class=\"big\" \/><\/div><div class=\"call-to-action_contenu\"><div class=\"call-to-action_titre\">Reparaci\u00f3n<\/div><\/div><\/a><\/div><\/div><\/div><\/div><\/section>","protected":false},"excerpt":{"rendered":"","protected":false},"author":1,"featured_media":2035,"parent":0,"menu_order":0,"comment_status":"closed","ping_status":"closed","template":"","meta":{"footnotes":""},"class_list":["post-2034","page","type-page","status-publish","has-post-thumbnail","hentry"],"acf":[],"yoast_head":"<!-- This site is optimized with the Yoast SEO plugin v23.4 - https:\/\/yoast.com\/wordpress\/plugins\/seo\/ -->\n<title>Invernaci\u00f3n de barcos Hendaye | Mantenimiento y reparaci\u00f3n de embarcaciones en el Pa\u00eds Vasco<\/title>\n<meta name=\"robots\" content=\"index, follow, max-snippet:-1, max-image-preview:large, max-video-preview:-1\" \/>\n<link rel=\"canonical\" href=\"https:\/\/www.mobydick-nautisme.com\/es\/tecnicas-barco-hendaya\/\" \/>\n<meta property=\"og:locale\" content=\"es_ES\" \/>\n<meta property=\"og:type\" content=\"article\" \/>\n<meta property=\"og:title\" content=\"Invernaci\u00f3n de barcos Hendaye | Mantenimiento y reparaci\u00f3n de embarcaciones en el Pa\u00eds Vasco\" \/>\n<meta property=\"og:url\" content=\"https:\/\/www.mobydick-nautisme.com\/es\/tecnicas-barco-hendaya\/\" \/>\n<meta property=\"og:site_name\" content=\"Moby Dick Nautisme\" \/>\n<meta property=\"article:modified_time\" content=\"2021-07-02T09:20:58+00:00\" \/>\n<meta property=\"og:image\" content=\"https:\/\/www.mobydick-nautisme.com\/wp-content\/uploads\/2021\/06\/service-technique-bateau-hendaye.jpg\" \/>\n\t<meta property=\"og:image:width\" content=\"1904\" \/>\n\t<meta property=\"og:image:height\" content=\"450\" \/>\n\t<meta property=\"og:image:type\" content=\"image\/jpeg\" \/>\n<meta name=\"twitter:card\" content=\"summary_large_image\" \/>\n<script type=\"application\/ld+json\" class=\"yoast-schema-graph\">{\"@context\":\"https:\/\/schema.org\",\"@graph\":[{\"@type\":\"WebPage\",\"@id\":\"https:\/\/www.mobydick-nautisme.com\/es\/tecnicas-barco-hendaya\/\",\"url\":\"https:\/\/www.mobydick-nautisme.com\/es\/tecnicas-barco-hendaya\/\",\"name\":\"Invernaci\u00f3n de barcos Hendaye | Mantenimiento y reparaci\u00f3n de embarcaciones en el Pa\u00eds Vasco\",\"isPartOf\":{\"@id\":\"https:\/\/www.mobydick-nautisme.com\/es\/#website\"},\"primaryImageOfPage\":{\"@id\":\"https:\/\/www.mobydick-nautisme.com\/es\/tecnicas-barco-hendaya\/#primaryimage\"},\"image\":{\"@id\":\"https:\/\/www.mobydick-nautisme.com\/es\/tecnicas-barco-hendaya\/#primaryimage\"},\"thumbnailUrl\":\"https:\/\/www.mobydick-nautisme.com\/wp-content\/uploads\/2021\/06\/service-technique-bateau-hendaye.jpg\",\"datePublished\":\"2021-05-14T09:15:23+00:00\",\"dateModified\":\"2021-07-02T09:20:58+00:00\",\"breadcrumb\":{\"@id\":\"https:\/\/www.mobydick-nautisme.com\/es\/tecnicas-barco-hendaya\/#breadcrumb\"},\"inLanguage\":\"es\",\"potentialAction\":[{\"@type\":\"ReadAction\",\"target\":[\"https:\/\/www.mobydick-nautisme.com\/es\/tecnicas-barco-hendaya\/\"]}]},{\"@type\":\"ImageObject\",\"inLanguage\":\"es\",\"@id\":\"https:\/\/www.mobydick-nautisme.com\/es\/tecnicas-barco-hendaya\/#primaryimage\",\"url\":\"https:\/\/www.mobydick-nautisme.com\/wp-content\/uploads\/2021\/06\/service-technique-bateau-hendaye.jpg\",\"contentUrl\":\"https:\/\/www.mobydick-nautisme.com\/wp-content\/uploads\/2021\/06\/service-technique-bateau-hendaye.jpg\",\"width\":1904,\"height\":450},{\"@type\":\"BreadcrumbList\",\"@id\":\"https:\/\/www.mobydick-nautisme.com\/es\/tecnicas-barco-hendaya\/#breadcrumb\",\"itemListElement\":[{\"@type\":\"ListItem\",\"position\":1,\"name\":\"Mobydick - Compra y alquiler de barcos\",\"item\":\"https:\/\/www.mobydick-nautisme.com\/es\/\"},{\"@type\":\"ListItem\",\"position\":2,\"name\":\"Mantenimiento t\u00e9cnico de barcos en el Pa\u00eds Vasco\"}]},{\"@type\":\"WebSite\",\"@id\":\"https:\/\/www.mobydick-nautisme.com\/es\/#website\",\"url\":\"https:\/\/www.mobydick-nautisme.com\/es\/\",\"name\":\"Moby Dick Nautisme\",\"description\":\"\",\"publisher\":{\"@id\":\"https:\/\/www.mobydick-nautisme.com\/es\/#organization\"},\"potentialAction\":[{\"@type\":\"SearchAction\",\"target\":{\"@type\":\"EntryPoint\",\"urlTemplate\":\"https:\/\/www.mobydick-nautisme.com\/es\/?s={search_term_string}\"},\"query-input\":{\"@type\":\"PropertyValueSpecification\",\"valueRequired\":true,\"valueName\":\"search_term_string\"}}],\"inLanguage\":\"es\"},{\"@type\":\"Organization\",\"@id\":\"https:\/\/www.mobydick-nautisme.com\/es\/#organization\",\"name\":\"Mobydick - Achat et location de bateaux\",\"url\":\"https:\/\/www.mobydick-nautisme.com\/es\/\",\"logo\":{\"@type\":\"ImageObject\",\"inLanguage\":\"es\",\"@id\":\"https:\/\/www.mobydick-nautisme.com\/es\/#\/schema\/logo\/image\/\",\"url\":\"https:\/\/www.mobydick-nautisme.com\/wp-content\/uploads\/2021\/06\/cropped-favicon.png\",\"contentUrl\":\"https:\/\/www.mobydick-nautisme.com\/wp-content\/uploads\/2021\/06\/cropped-favicon.png\",\"width\":512,\"height\":512,\"caption\":\"Mobydick - Achat et location de bateaux\"},\"image\":{\"@id\":\"https:\/\/www.mobydick-nautisme.com\/es\/#\/schema\/logo\/image\/\"}}]}<\/script>\n<!-- \/ Yoast SEO plugin. -->","yoast_head_json":{"title":"Invernaci\u00f3n de barcos Hendaye | Mantenimiento y reparaci\u00f3n de embarcaciones en el Pa\u00eds Vasco","robots":{"index":"index","follow":"follow","max-snippet":"max-snippet:-1","max-image-preview":"max-image-preview:large","max-video-preview":"max-video-preview:-1"},"canonical":"https:\/\/www.mobydick-nautisme.com\/es\/tecnicas-barco-hendaya\/","og_locale":"es_ES","og_type":"article","og_title":"Invernaci\u00f3n de barcos Hendaye | Mantenimiento y reparaci\u00f3n de embarcaciones en el Pa\u00eds Vasco","og_url":"https:\/\/www.mobydick-nautisme.com\/es\/tecnicas-barco-hendaya\/","og_site_name":"Moby Dick Nautisme","article_modified_time":"2021-07-02T09:20:58+00:00","og_image":[{"width":1904,"height":450,"url":"https:\/\/www.mobydick-nautisme.com\/wp-content\/uploads\/2021\/06\/service-technique-bateau-hendaye.jpg","type":"image\/jpeg"}],"twitter_card":"summary_large_image","schema":{"@context":"https:\/\/schema.org","@graph":[{"@type":"WebPage","@id":"https:\/\/www.mobydick-nautisme.com\/es\/tecnicas-barco-hendaya\/","url":"https:\/\/www.mobydick-nautisme.com\/es\/tecnicas-barco-hendaya\/","name":"Invernaci\u00f3n de barcos Hendaye | Mantenimiento y reparaci\u00f3n de embarcaciones en el Pa\u00eds Vasco","isPartOf":{"@id":"https:\/\/www.mobydick-nautisme.com\/es\/#website"},"primaryImageOfPage":{"@id":"https:\/\/www.mobydick-nautisme.com\/es\/tecnicas-barco-hendaya\/#primaryimage"},"image":{"@id":"https:\/\/www.mobydick-nautisme.com\/es\/tecnicas-barco-hendaya\/#primaryimage"},"thumbnailUrl":"https:\/\/www.mobydick-nautisme.com\/wp-content\/uploads\/2021\/06\/service-technique-bateau-hendaye.jpg","datePublished":"2021-05-14T09:15:23+00:00","dateModified":"2021-07-02T09:20:58+00:00","breadcrumb":{"@id":"https:\/\/www.mobydick-nautisme.com\/es\/tecnicas-barco-hendaya\/#breadcrumb"},"inLanguage":"es","potentialAction":[{"@type":"ReadAction","target":["https:\/\/www.mobydick-nautisme.com\/es\/tecnicas-barco-hendaya\/"]}]},{"@type":"ImageObject","inLanguage":"es","@id":"https:\/\/www.mobydick-nautisme.com\/es\/tecnicas-barco-hendaya\/#primaryimage","url":"https:\/\/www.mobydick-nautisme.com\/wp-content\/uploads\/2021\/06\/service-technique-bateau-hendaye.jpg","contentUrl":"https:\/\/www.mobydick-nautisme.com\/wp-content\/uploads\/2021\/06\/service-technique-bateau-hendaye.jpg","width":1904,"height":450},{"@type":"BreadcrumbList","@id":"https:\/\/www.mobydick-nautisme.com\/es\/tecnicas-barco-hendaya\/#breadcrumb","itemListElement":[{"@type":"ListItem","position":1,"name":"Mobydick - Compra y alquiler de barcos","item":"https:\/\/www.mobydick-nautisme.com\/es\/"},{"@type":"ListItem","position":2,"name":"Mantenimiento t\u00e9cnico de barcos en el Pa\u00eds Vasco"}]},{"@type":"WebSite","@id":"https:\/\/www.mobydick-nautisme.com\/es\/#website","url":"https:\/\/www.mobydick-nautisme.com\/es\/","name":"Moby Dick Nautisme","description":"","publisher":{"@id":"https:\/\/www.mobydick-nautisme.com\/es\/#organization"},"potentialAction":[{"@type":"SearchAction","target":{"@type":"EntryPoint","urlTemplate":"https:\/\/www.mobydick-nautisme.com\/es\/?s={search_term_string}"},"query-input":{"@type":"PropertyValueSpecification","valueRequired":true,"valueName":"search_term_string"}}],"inLanguage":"es"},{"@type":"Organization","@id":"https:\/\/www.mobydick-nautisme.com\/es\/#organization","name":"Mobydick - Achat et location de bateaux","url":"https:\/\/www.mobydick-nautisme.com\/es\/","logo":{"@type":"ImageObject","inLanguage":"es","@id":"https:\/\/www.mobydick-nautisme.com\/es\/#\/schema\/logo\/image\/","url":"https:\/\/www.mobydick-nautisme.com\/wp-content\/uploads\/2021\/06\/cropped-favicon.png","contentUrl":"https:\/\/www.mobydick-nautisme.com\/wp-content\/uploads\/2021\/06\/cropped-favicon.png","width":512,"height":512,"caption":"Mobydick - Achat et location de bateaux"},"image":{"@id":"https:\/\/www.mobydick-nautisme.com\/es\/#\/schema\/logo\/image\/"}}]}},"_links":{"self":[{"href":"https:\/\/www.mobydick-nautisme.com\/es\/wp-json\/wp\/v2\/pages\/2034","targetHints":{"allow":["GET"]}}],"collection":[{"href":"https:\/\/www.mobydick-nautisme.com\/es\/wp-json\/wp\/v2\/pages"}],"about":[{"href":"https:\/\/www.mobydick-nautisme.com\/es\/wp-json\/wp\/v2\/types\/page"}],"author":[{"embeddable":true,"href":"https:\/\/www.mobydick-nautisme.com\/es\/wp-json\/wp\/v2\/users\/1"}],"replies":[{"embeddable":true,"href":"https:\/\/www.mobydick-nautisme.com\/es\/wp-json\/wp\/v2\/comments?post=2034"}],"version-history":[{"count":7,"href":"https:\/\/www.mobydick-nautisme.com\/es\/wp-json\/wp\/v2\/pages\/2034\/revisions"}],"predecessor-version":[{"id":2104,"href":"https:\/\/www.mobydick-nautisme.com\/es\/wp-json\/wp\/v2\/pages\/2034\/revisions\/2104"}],"wp:featuredmedia":[{"embeddable":true,"href":"https:\/\/www.mobydick-nautisme.com\/es\/wp-json\/wp\/v2\/media\/2035"}],"wp:attachment":[{"href":"https:\/\/www.mobydick-nautisme.com\/es\/wp-json\/wp\/v2\/media?parent=2034"}],"curies":[{"name":"wp","href":"https:\/\/api.w.org\/{rel}","templated":true}]}}