{"id":2094,"date":"2021-05-14T10:14:44","date_gmt":"2021-05-14T08:14:44","guid":{"rendered":"https:\/\/www.mobydick-nautisme.com\/politique-de-confidentialite\/"},"modified":"2021-07-08T15:27:41","modified_gmt":"2021-07-08T13:27:41","slug":"politica-de-privacidad","status":"publish","type":"page","link":"https:\/\/www.mobydick-nautisme.com\/es\/politica-de-privacidad\/","title":{"rendered":"Pol\u00edtica de privacidad"},"content":{"rendered":"<section id=\"section-60d1b0d7375b1\"\" class=\"section bg-white\" \/><div class=\"container\"><h1 class=\"element section-title center m-b-4\">Pol\u00edtica de privacidad<\/h1><div class=\"element bloc-text justify \">\n\t<p>Esta pol\u00edtica de privacidad describe los datos personales que se recogen o generan (procesan) cuando usted utiliza el sitio web. Esta pol\u00edtica de privacidad describe los tipos de datos personales que se recogen cuando usted utiliza nuestro sitio y c\u00f3mo se utilizan, comparten y protegen sus datos personales. Tambi\u00e9n explica las opciones que tiene en relaci\u00f3n con sus datos personales y c\u00f3mo ponerse en contacto con nosotros.<\/p>\n<h2>Tabla de contenidos<\/h2>\n<ol>\n<li><a href=\"#gdpr-1\">Qui\u00e9nes somos<\/a><\/li>\n<li><a href=\"#gdpr-2\">Uso de los datos personales recogidos<\/a><\/li>\n<li><a href=\"#gdpr-3\">Comentarios<\/a><\/li>\n<li><a href=\"#gdpr-4\">Medios<\/a><\/li>\n<li><a href=\"#gdpr-5\">Formularios de contacto<\/a><\/li>\n<li><a href=\"#gdpr-6\">Uso de cookies<\/a><\/li>\n<li><a href=\"#gdpr-7\">Estad\u00edsticas y m\u00e9tricas de audiencia<\/a><\/li>\n<li><a href=\"#gdpr-8\">Cu\u00e1nto tiempo se almacenan sus datos<\/a><\/li>\n<li><a href=\"#gdpr-9\">Los derechos que tienes sobre tus datos<\/a><\/li>\n<li><a href=\"#gdpr-10\">Transmisi\u00f3n de sus datos personales<\/a><\/li>\n<li><a href=\"#gdpr-11\">C\u00f3mo protegemos sus datos<\/a><\/li>\n<li><a href=\"#gdpr-12\">Informaci\u00f3n de contacto<\/a><\/li>\n<\/ol>\n<h2 id=\"gdpr-1\">Qui\u00e9nes somos<\/h2>\n<p>Descubra toda nuestra informaci\u00f3n en la p\u00e1gina menciones legales.<\/p>\n<h2 id=\"gdpr-2\">Uso de los datos personales recogidos<\/h2>\n<p>No recopilamos de forma autom\u00e1tica y directa ning\u00fan dato sobre usted.<\/p>\n<p>No obstante, podemos recopilar informaci\u00f3n, incluida informaci\u00f3n personal de terceros (v\u00e9ase <a href=\"#gdpr-5\">Cookies<\/a>).<\/p>\n<h2 id=\"gdpr-3\">Comentarios<\/h2>\n<p>Cuando deja un comentario en nuestro sitio web, no s\u00f3lo se recogen los datos introducidos en el formulario de comentarios, sino tambi\u00e9n su direcci\u00f3n IP y el agente de usuario del navegador para ayudarnos a detectar comentarios no deseados.<\/p>\n<p>Una cadena an\u00f3nima creada a partir de su direcci\u00f3n de correo electr\u00f3nico (tambi\u00e9n llamada hash) puede ser enviada al servicio Gravatar para verificar su uso del servicio. La pol\u00edtica de privacidad del servicio Gravatar est\u00e1 disponible en https:\/\/automattic.com\/privacy\/. Una vez validado tu comentario, tu foto de perfil ser\u00e1 visible p\u00fablicamente junto a tu comentario.<\/p>\n<h2 id=\"gdpr-4\">Medios de comunicaci\u00f3n<\/h2>\n<p>Si es un usuario registrado y sube im\u00e1genes al sitio web, le aconsejamos que evite subir im\u00e1genes que contengan datos EXIF de coordenadas GPS. Los visitantes de su sitio web pueden descargar y extraer datos de localizaci\u00f3n de estas im\u00e1genes.<\/p>\n<h2 id=\"gdpr-5\">Formularios de contacto<\/h2>\n<p>Usted puede optar por proporcionarnos informaci\u00f3n al rellenar un formulario, esta informaci\u00f3n nos ser\u00e1 enviada por correo electr\u00f3nico y no se almacenar\u00e1 en ning\u00fan otro lugar que no sea nuestro servicio de correo electr\u00f3nico, esta informaci\u00f3n se utilizar\u00e1 con el \u00fanico prop\u00f3sito de responder a su solicitud. Si la informaci\u00f3n puede utilizarse con fines comerciales, se indicar\u00e1 al final del formulario. Siempre le pediremos su consentimiento cuando recojamos informaci\u00f3n a trav\u00e9s de un formulario. <\/p>\n<h2 id=\"gdpr-6\">Uso de cookies<\/h2>\n<p><strong>\u00bfQu\u00e9 es una galleta?<\/strong><br \/>\nUna cookie es un peque\u00f1o archivo de datos que se transfiere y almacena en su dispositivo. En concreto, una cookie nos permite, por ejemplo, reconocer su navegador, su idioma o almacenar sus preferencias.<br \/>\nEn nuestro sitio se utilizan dos tipos de cookies: \u00abcookies de sesi\u00f3n\u00bb y \u00abcookies persistentes\u00bb. Las cookies de sesi\u00f3n expiran cuando usted cierra su navegador, mientras que las cookies persistentes permanecen en su dispositivo despu\u00e9s de cerrar su navegador y pueden ser utilizadas de nuevo la pr\u00f3xima vez que visite nuestro sitio.<\/p>\n<p>M\u00e1s informaci\u00f3n en <a href=\"https:\/\/www.allaboutcookies.org\/fr\/\" rel=\"noopener\" target=\"_blank\">allaboutcookies.org<\/a>.<\/p>\n<p><strong>Nuestras galletas<\/strong><\/p>\n<p>Si deja un comentario en nuestro sitio, se le ofrecer\u00e1 guardar su nombre, direcci\u00f3n de correo electr\u00f3nico y sitio web en las cookies. Esto es s\u00f3lo para tu comodidad, para que no tengas que introducir esta informaci\u00f3n si dejas otro comentario m\u00e1s tarde. Estas cookies caducan al cabo de un a\u00f1o.<\/p>\n<p>Si tiene una cuenta y se conecta a este sitio, se instalar\u00e1 una cookie temporal para determinar si su navegador acepta cookies. No contiene ninguna informaci\u00f3n personal y se borrar\u00e1 autom\u00e1ticamente al cerrar el navegador.<\/p>\n<p>Al iniciar la sesi\u00f3n, estableceremos una serie de cookies para almacenar su informaci\u00f3n de inicio de sesi\u00f3n y sus preferencias de pantalla. La vida de una cookie de inicio de sesi\u00f3n es de dos d\u00edas, y la vida de una cookie de preferencias de pantalla es de un a\u00f1o. Si marca \u00abRecordarme\u00bb, su cookie de inicio de sesi\u00f3n se conservar\u00e1 durante dos semanas. Si cierra la sesi\u00f3n de su cuenta, la cookie de inicio de sesi\u00f3n se eliminar\u00e1.<\/p>\n<p>Al editar o publicar un art\u00edculo, se almacenar\u00e1 una cookie adicional en su navegador. Esta cookie no incluye ning\u00fan dato personal. Simplemente indica el identificador del art\u00edculo que acaba de modificar. Caduca al cabo de un d\u00eda.<\/p>\n<p><strong>Cookies de terceros<\/strong><\/p>\n<p>Los art\u00edculos de este sitio pueden incluir contenido incrustado (por ejemplo, v\u00eddeos, im\u00e1genes, art\u00edculos&#8230;). El contenido incrustado de otros sitios se comporta de la misma manera que si el visitante fuera a ese otro sitio.<\/p>\n<p>Estos sitios web pueden recopilar datos sobre usted, utilizar cookies, incrustar herramientas de seguimiento de terceros y rastrear sus interacciones con el contenido incrustado si tiene una cuenta en su sitio web.<\/p>\n<p>Podemos permitir que ciertos socios comerciales instalen tecnolog\u00edas en nuestro sitio. Estos socios utilizan estas tecnolog\u00edas para ayudarnos a analizar c\u00f3mo utiliza usted el sitio, por ejemplo, tomando nota de los servicios de terceros a trav\u00e9s de los cuales lleg\u00f3 a la Plataforma, comercializar y promocionar nuestros servicios en nuestro sitio y en sitios web de terceros, ayudarnos a detectar y prevenir el fraude o a realizar evaluaciones de riesgo, o a recopilar informaci\u00f3n sobre sus actividades en el sitio web. <\/p>\n<p>Nuestro sitio web puede utilizar plugins sociales proporcionados y operados por terceras empresas, como el bot\u00f3n \u00abMe gusta\u00bb de Facebook. En consecuencia, puede enviar a los terceros la informaci\u00f3n que vea en una zona concreta de nuestro sitio web. Si no est\u00e1 conectado a su cuenta con el tercero, \u00e9ste no sabr\u00e1 qui\u00e9n es usted. Si usted est\u00e1 conectado a su cuenta con el tercero, \u00e9ste puede vincular la informaci\u00f3n o las acciones relacionadas con sus interacciones con nuestro sitio a su cuenta con el tercero. Consulte las pol\u00edticas de privacidad de los terceros para obtener m\u00e1s informaci\u00f3n sobre sus pr\u00e1cticas en materia de datos.<\/p>\n<p>La lista de cookies de terceros utilizadas en este sitio est\u00e1 disponible en el <a href=\"\/#moove_gdpr_cookie_modal\">panel de gesti\u00f3n de cookies<\/a>.<\/p>\n<h2 id=\"gdpr-7\">Estad\u00edsticas y medici\u00f3n de la audiencia<\/h2>\n<p>En t\u00e9rminos de an\u00e1lisis, trabajamos con Google Analytics para obtener informaci\u00f3n sobre el uso de nuestro sitio web con el fin de mejorarlo. Se puede desactivar desde el <a href=\"\/#moove_gdpr_cookie_modal\">panel de gesti\u00f3n de cookies<\/a>.<\/p>\n<p>Para evitar que Google Analytics utilice su informaci\u00f3n para el an\u00e1lisis, tambi\u00e9n puede instalar el complemento de inhabilitaci\u00f3n para navegadores de Google Analytics haciendo clic en <a href=\"https:\/\/tools.google.com\/dlpage\/gaoptout\" rel=\"noopener\" target=\"_blank\">aqu\u00ed<\/a>. Recuerde que no tenemos ning\u00fan control sobre este enlace de exclusi\u00f3n y no somos responsables de la disponibilidad o exactitud de este mecanismo. Consulte <a href=\"https:\/\/support.google.com\/analytics\/answer\/6004245\" rel=\"noopener\" target=\"_blank\">esta documentaci\u00f3n<\/a> para obtener m\u00e1s informaci\u00f3n.<\/p>\n<h2 id=\"gdpr-8\">Tiempo de almacenamiento de sus datos<\/h2>\n<p>Si deja un comentario, \u00e9ste y sus metadatos se almacenan indefinidamente. Esto permite que los comentarios posteriores sean reconocidos y aprobados autom\u00e1ticamente en lugar de quedar en la cola de moderaci\u00f3n.<\/p>\n<p>Para los usuarios que se registran en nuestro sitio (si es posible), tambi\u00e9n almacenamos los datos personales especificados en su perfil. Todos los usuarios pueden ver, editar o eliminar su informaci\u00f3n personal en cualquier momento (excepto su nombre de usuario). Los administradores del sitio tambi\u00e9n pueden ver y editar esta informaci\u00f3n.<\/p>\n<h2 id=\"gdpr-9\">Los derechos que tienes sobre tus datos<\/h2>\n<p>Si tiene una cuenta o ha dejado comentarios en el sitio, puede solicitar que le enviemos un archivo con todos los datos personales que tenemos sobre usted, incluidos los que nos ha proporcionado. Tambi\u00e9n puede solicitar la supresi\u00f3n de sus datos personales. Esto no tiene en cuenta los datos almacenados con fines administrativos, legales o de seguridad.<\/p>\n<h2 id=\"gdpr-10\">Transmisi\u00f3n de sus datos personales<\/h2>\n<p>Los comentarios de los visitantes pueden ser controlados mediante un servicio autom\u00e1tico de detecci\u00f3n de spam<br \/>\nTodos los datos personales que tratamos se procesan en el seno de la Uni\u00f3n Europea. <\/p>\n<h2 id=\"gdpr-11\">C\u00f3mo protegemos sus datos<\/h2>\n<p>Implementamos y actualizamos continuamente la <strong>seguridad<\/strong> del sitio para proteger su informaci\u00f3n del acceso no autorizado, p\u00e9rdida, destrucci\u00f3n o alteraci\u00f3n. Por ello, trabajamos para que sus datos sean lo m\u00e1s invulnerables posible. Dado que Internet no es un entorno 100% seguro, no podemos garantizar plenamente la seguridad de la transmisi\u00f3n o el almacenamiento de su informaci\u00f3n.<\/p>\n<h2 id=\"gdpr-12\">Informaci\u00f3n de contacto<\/h2>\n<p>Si tiene alguna solicitud o pregunta sobre sus datos personales, p\u00f3ngase en contacto con nosotros en rgpd@tuvedlacom.com, otros datos de contacto est\u00e1n disponibles en nuestros avisos legales. Tenga en cuenta que es posible que le pidamos que verifique su identidad antes de tomar cualquier otra medida en relaci\u00f3n con su solicitud.<\/p>\n<\/div><\/div><\/section>","protected":false},"excerpt":{"rendered":"","protected":false},"author":1,"featured_media":0,"parent":0,"menu_order":0,"comment_status":"closed","ping_status":"closed","template":"","meta":{"footnotes":""},"class_list":["post-2094","page","type-page","status-publish","hentry"],"acf":[],"yoast_head":"<!-- This site is optimized with the Yoast SEO plugin v23.4 - https:\/\/yoast.com\/wordpress\/plugins\/seo\/ -->\n<title>Pol\u00edtica de privacidad - Moby Dick Nautisme<\/title>\n<meta name=\"robots\" content=\"noindex, follow\" \/>\n<meta property=\"og:locale\" content=\"es_ES\" \/>\n<meta property=\"og:type\" content=\"article\" \/>\n<meta property=\"og:title\" content=\"Pol\u00edtica de privacidad - Moby Dick Nautisme\" \/>\n<meta property=\"og:url\" content=\"https:\/\/www.mobydick-nautisme.com\/es\/politica-de-privacidad\/\" \/>\n<meta property=\"og:site_name\" content=\"Moby Dick Nautisme\" \/>\n<meta property=\"article:modified_time\" content=\"2021-07-08T13:27:41+00:00\" \/>\n<meta name=\"twitter:card\" content=\"summary_large_image\" \/>\n<script type=\"application\/ld+json\" class=\"yoast-schema-graph\">{\"@context\":\"https:\/\/schema.org\",\"@graph\":[{\"@type\":\"WebPage\",\"@id\":\"https:\/\/www.mobydick-nautisme.com\/es\/politica-de-privacidad\/\",\"url\":\"https:\/\/www.mobydick-nautisme.com\/es\/politica-de-privacidad\/\",\"name\":\"Pol\u00edtica de privacidad - Moby Dick Nautisme\",\"isPartOf\":{\"@id\":\"https:\/\/www.mobydick-nautisme.com\/es\/#website\"},\"datePublished\":\"2021-05-14T08:14:44+00:00\",\"dateModified\":\"2021-07-08T13:27:41+00:00\",\"breadcrumb\":{\"@id\":\"https:\/\/www.mobydick-nautisme.com\/es\/politica-de-privacidad\/#breadcrumb\"},\"inLanguage\":\"es\",\"potentialAction\":[{\"@type\":\"ReadAction\",\"target\":[\"https:\/\/www.mobydick-nautisme.com\/es\/politica-de-privacidad\/\"]}]},{\"@type\":\"BreadcrumbList\",\"@id\":\"https:\/\/www.mobydick-nautisme.com\/es\/politica-de-privacidad\/#breadcrumb\",\"itemListElement\":[{\"@type\":\"ListItem\",\"position\":1,\"name\":\"Mobydick - Compra y alquiler de barcos\",\"item\":\"https:\/\/www.mobydick-nautisme.com\/es\/\"},{\"@type\":\"ListItem\",\"position\":2,\"name\":\"Pol\u00edtica de privacidad\"}]},{\"@type\":\"WebSite\",\"@id\":\"https:\/\/www.mobydick-nautisme.com\/es\/#website\",\"url\":\"https:\/\/www.mobydick-nautisme.com\/es\/\",\"name\":\"Moby Dick Nautisme\",\"description\":\"\",\"publisher\":{\"@id\":\"https:\/\/www.mobydick-nautisme.com\/es\/#organization\"},\"potentialAction\":[{\"@type\":\"SearchAction\",\"target\":{\"@type\":\"EntryPoint\",\"urlTemplate\":\"https:\/\/www.mobydick-nautisme.com\/es\/?s={search_term_string}\"},\"query-input\":{\"@type\":\"PropertyValueSpecification\",\"valueRequired\":true,\"valueName\":\"search_term_string\"}}],\"inLanguage\":\"es\"},{\"@type\":\"Organization\",\"@id\":\"https:\/\/www.mobydick-nautisme.com\/es\/#organization\",\"name\":\"Mobydick - Achat et location de bateaux\",\"url\":\"https:\/\/www.mobydick-nautisme.com\/es\/\",\"logo\":{\"@type\":\"ImageObject\",\"inLanguage\":\"es\",\"@id\":\"https:\/\/www.mobydick-nautisme.com\/es\/#\/schema\/logo\/image\/\",\"url\":\"https:\/\/www.mobydick-nautisme.com\/wp-content\/uploads\/2021\/06\/cropped-favicon.png\",\"contentUrl\":\"https:\/\/www.mobydick-nautisme.com\/wp-content\/uploads\/2021\/06\/cropped-favicon.png\",\"width\":512,\"height\":512,\"caption\":\"Mobydick - Achat et location de bateaux\"},\"image\":{\"@id\":\"https:\/\/www.mobydick-nautisme.com\/es\/#\/schema\/logo\/image\/\"}}]}<\/script>\n<!-- \/ Yoast SEO plugin. -->","yoast_head_json":{"title":"Pol\u00edtica de privacidad - Moby Dick Nautisme","robots":{"index":"noindex","follow":"follow"},"og_locale":"es_ES","og_type":"article","og_title":"Pol\u00edtica de privacidad - Moby Dick Nautisme","og_url":"https:\/\/www.mobydick-nautisme.com\/es\/politica-de-privacidad\/","og_site_name":"Moby Dick Nautisme","article_modified_time":"2021-07-08T13:27:41+00:00","twitter_card":"summary_large_image","schema":{"@context":"https:\/\/schema.org","@graph":[{"@type":"WebPage","@id":"https:\/\/www.mobydick-nautisme.com\/es\/politica-de-privacidad\/","url":"https:\/\/www.mobydick-nautisme.com\/es\/politica-de-privacidad\/","name":"Pol\u00edtica de privacidad - Moby Dick Nautisme","isPartOf":{"@id":"https:\/\/www.mobydick-nautisme.com\/es\/#website"},"datePublished":"2021-05-14T08:14:44+00:00","dateModified":"2021-07-08T13:27:41+00:00","breadcrumb":{"@id":"https:\/\/www.mobydick-nautisme.com\/es\/politica-de-privacidad\/#breadcrumb"},"inLanguage":"es","potentialAction":[{"@type":"ReadAction","target":["https:\/\/www.mobydick-nautisme.com\/es\/politica-de-privacidad\/"]}]},{"@type":"BreadcrumbList","@id":"https:\/\/www.mobydick-nautisme.com\/es\/politica-de-privacidad\/#breadcrumb","itemListElement":[{"@type":"ListItem","position":1,"name":"Mobydick - Compra y alquiler de barcos","item":"https:\/\/www.mobydick-nautisme.com\/es\/"},{"@type":"ListItem","position":2,"name":"Pol\u00edtica de privacidad"}]},{"@type":"WebSite","@id":"https:\/\/www.mobydick-nautisme.com\/es\/#website","url":"https:\/\/www.mobydick-nautisme.com\/es\/","name":"Moby Dick Nautisme","description":"","publisher":{"@id":"https:\/\/www.mobydick-nautisme.com\/es\/#organization"},"potentialAction":[{"@type":"SearchAction","target":{"@type":"EntryPoint","urlTemplate":"https:\/\/www.mobydick-nautisme.com\/es\/?s={search_term_string}"},"query-input":{"@type":"PropertyValueSpecification","valueRequired":true,"valueName":"search_term_string"}}],"inLanguage":"es"},{"@type":"Organization","@id":"https:\/\/www.mobydick-nautisme.com\/es\/#organization","name":"Mobydick - Achat et location de bateaux","url":"https:\/\/www.mobydick-nautisme.com\/es\/","logo":{"@type":"ImageObject","inLanguage":"es","@id":"https:\/\/www.mobydick-nautisme.com\/es\/#\/schema\/logo\/image\/","url":"https:\/\/www.mobydick-nautisme.com\/wp-content\/uploads\/2021\/06\/cropped-favicon.png","contentUrl":"https:\/\/www.mobydick-nautisme.com\/wp-content\/uploads\/2021\/06\/cropped-favicon.png","width":512,"height":512,"caption":"Mobydick - Achat et location de bateaux"},"image":{"@id":"https:\/\/www.mobydick-nautisme.com\/es\/#\/schema\/logo\/image\/"}}]}},"_links":{"self":[{"href":"https:\/\/www.mobydick-nautisme.com\/es\/wp-json\/wp\/v2\/pages\/2094","targetHints":{"allow":["GET"]}}],"collection":[{"href":"https:\/\/www.mobydick-nautisme.com\/es\/wp-json\/wp\/v2\/pages"}],"about":[{"href":"https:\/\/www.mobydick-nautisme.com\/es\/wp-json\/wp\/v2\/types\/page"}],"author":[{"embeddable":true,"href":"https:\/\/www.mobydick-nautisme.com\/es\/wp-json\/wp\/v2\/users\/1"}],"replies":[{"embeddable":true,"href":"https:\/\/www.mobydick-nautisme.com\/es\/wp-json\/wp\/v2\/comments?post=2094"}],"version-history":[{"count":9,"href":"https:\/\/www.mobydick-nautisme.com\/es\/wp-json\/wp\/v2\/pages\/2094\/revisions"}],"predecessor-version":[{"id":2365,"href":"https:\/\/www.mobydick-nautisme.com\/es\/wp-json\/wp\/v2\/pages\/2094\/revisions\/2365"}],"wp:attachment":[{"href":"https:\/\/www.mobydick-nautisme.com\/es\/wp-json\/wp\/v2\/media?parent=2094"}],"curies":[{"name":"wp","href":"https:\/\/api.w.org\/{rel}","templated":true}]}}